{"id":3,"date":"2020-09-03T19:20:40","date_gmt":"2020-09-03T19:20:40","guid":{"rendered":"http:\/\/yunnantea.eu"},"modified":"2020-10-06T10:23:31","modified_gmt":"2020-10-06T08:23:31","slug":"datenschutzerklaerung","status":"publish","type":"page","link":"https:\/\/yunnantea.eu\/en\/datenschutzerklaerung\/","title":{"rendered":"Datenschutzerkl\u00e4rung"},"content":{"rendered":"<div data-elementor-type=\"wp-page\" data-elementor-id=\"3\" class=\"elementor elementor-3\" data-elementor-settings=\"[]\">\n\t\t\t\t\t\t<div class=\"elementor-inner\">\n\t\t\t\t\t\t\t<div class=\"elementor-section-wrap\">\n\t\t\t\t\t\t\t<section class=\"elementor-section elementor-top-section elementor-element elementor-element-3c54e107 elementor-section-boxed elementor-section-height-default elementor-section-height-default\" data-id=\"3c54e107\" data-element_type=\"section\">\n\t\t\t\t\t\t<div class=\"elementor-container elementor-column-gap-default\">\n\t\t\t\t\t\t\t<div class=\"elementor-row\">\n\t\t\t\t\t<div class=\"elementor-column elementor-col-100 elementor-top-column elementor-element elementor-element-4d707a0\" data-id=\"4d707a0\" data-element_type=\"column\">\n\t\t\t<div class=\"elementor-column-wrap elementor-element-populated\">\n\t\t\t\t\t\t\t<div class=\"elementor-widget-wrap\">\n\t\t\t\t\t\t<div class=\"elementor-element elementor-element-633fa145 elementor-hidden-tablet elementor-hidden-phone elementor-widget elementor-widget-heading\" data-id=\"633fa145\" data-element_type=\"widget\" data-widget_type=\"heading.default\">\n\t\t\t\t<div class=\"elementor-widget-container\">\n\t\t\t<h2 class=\"elementor-heading-title elementor-size-default\">PRIVACY POLICY<\/h2>\t\t<\/div>\n\t\t\t\t<\/div>\n\t\t\t\t<div class=\"elementor-element elementor-element-77ee3fe elementor-hidden-desktop elementor-widget elementor-widget-heading\" data-id=\"77ee3fe\" data-element_type=\"widget\" data-widget_type=\"heading.default\">\n\t\t\t\t<div class=\"elementor-widget-container\">\n\t\t\t<h2 class=\"elementor-heading-title elementor-size-default\">PRIVACY POLICY<\/h2>\t\t<\/div>\n\t\t\t\t<\/div>\n\t\t\t\t\t\t<\/div>\n\t\t\t\t\t<\/div>\n\t\t<\/div>\n\t\t\t\t\t\t\t\t<\/div>\n\t\t\t\t\t<\/div>\n\t\t<\/section>\n\t\t\t\t<section class=\"elementor-section elementor-top-section elementor-element elementor-element-9918573 elementor-section-boxed elementor-section-height-default elementor-section-height-default\" data-id=\"9918573\" data-element_type=\"section\">\n\t\t\t\t\t\t<div class=\"elementor-container elementor-column-gap-default\">\n\t\t\t\t\t\t\t<div class=\"elementor-row\">\n\t\t\t\t\t<div class=\"elementor-column elementor-col-100 elementor-top-column elementor-element elementor-element-b7d4902\" data-id=\"b7d4902\" data-element_type=\"column\">\n\t\t\t<div class=\"elementor-column-wrap elementor-element-populated\">\n\t\t\t\t\t\t\t<div class=\"elementor-widget-wrap\">\n\t\t\t\t\t\t<div class=\"elementor-element elementor-element-46353ed elementor-widget elementor-widget-html\" data-id=\"46353ed\" data-element_type=\"widget\" data-widget_type=\"html.default\">\n\t\t\t\t<div class=\"elementor-widget-container\">\n\t\t\t<h2>1. An overview of data protection<\/h2>\r<h3>General information<\/h3> <p>The following information will provide you with an easy to navigate overview of what will happen with your\npersonal data when you visit this website. The term \u201cpersonal data\u201d comprises all data that can be used to\npersonally identify you. For detailed information about the subject matter of data protection, please consult\nour Data Protection Declaration, which we have included beneath this copy.<\/p>\r<h3>Data recording on this website<\/h3> <h4>Who is the responsible party for the recording of data on this website (i.e. the \u201ccontroller\u201d)?<\/h4> <p>The data on this website is processed by the operator of the website, whose contact information is available\nunder section \u201cInformation Required by Law\u201d on this website.<\/p> <h4>How do we record your data?<\/h4> <p>We collect your data as a result of your sharing of your data with us. This may, for instance be information\nyou enter into our contact form.<\/p> <p>Other data shall be recorded by our IT systems automatically or after you consent to its recording during\nyour website visit. This data comprises primarily technical information (e.g. web browser, operating system\nor time the site was accessed). This information is recorded automatically when you access this website.<\/p> <h4>What are the purposes we use your data for?<\/h4> <p>A portion of the information is generated to guarantee the error free provision of the website. Other data\nmay be used to analyze your user patterns.<\/p> <h4>What rights do you have as far as your information is concerned?<\/h4> <p>You have the right to receive information about the source, recipients and purposes of your archived\npersonal data at any time without having to pay a fee for such disclosures. You also have the right to demand\nthat your data are rectified or eradicated. If you have consented to data processing, you have the option to\nrevoke this consent at any time, which shall affect all future data processing. Moreover, you have the right to\ndemand that the processing of your data be restricted under certain circumstances. Furthermore, you have\nthe right to log a complaint with the competent supervising agency.<\/p> <p>Please do not hesitate to contact us at any time under the address disclosed in section \u201cInformation\nRequired by Law\u201d on this website if you have questions about this or any other data protection related\nissues.<\/p>\r<h2>2. Hosting and Content Delivery Networks (CDN)<\/h2>\r<h3>External Hosting<\/h3> <p>Diese Website wird bei einem externen Dienstleister gehostet (Hoster). Die personenbezogenen Daten, die auf dieser Website erfasst werden, werden auf den Servern des Hosters gespeichert. Hierbei kann es sich v. a. um IP-Adressen, Kontaktanfragen, Meta- und Kommunikationsdaten, Vertragsdaten, Kontaktdaten, Namen, Websitezugriffe und sonstige Daten, die &uuml;ber eine Website generiert werden, handeln.<\/p> <p>The host is used for the purpose of fulfilling the contract with our potential and existing customers (Art. 6\npara. 1 lit. b GDPR) and in the interest of secure, fast and efficient provision of our online services by a\nprofessional provider (Art. 6 para. 1 lit. f GDPR).<\/p> <p>Our host will only process your data to the extent necessary to fulfil its performance obligations and to\nfollow our instructions with respect to such data.<\/p> <p>We are using the following host:<\/p>\r<p>Strato AG<br \/>\rPascalstra\u00dfe 10<br \/>\r10587 Berlin<\/p>\r<h4>Execution of a contract data processing agreement<\/h4> <p>In order to guarantee processing in compliance with data protection regulations, we have concluded an\norder processing contract with our host.<\/p>\r<h2>3. General information and mandatory information<\/h2>\r<h3>Data protection<\/h3> <p>The operators of this website and its pages take the protection of your personal data very seriously. Hence,\nwe handle your personal data as confidential information and in compliance with the statutory data\nprotection regulations and this Data Protection Declaration.<\/p> <p>Whenever you use this website, a variety of personal information will be collected. Personal data comprises\ndata that can be used to personally identify you. This Data Protection Declaration explains which data we\ncollect as well as the purposes we use this data for. It also explains how, and for which purpose the\ninformation is collected.<\/p> <p>We herewith advise you that the transmission of data via the Internet (i.e. through e-mail communications)\nmay be prone to security gaps. It is not possible to completely protect data against third-party access.<\/p>\r<h3>Information about the responsible party (referred to as the \u201ccontroller\u201d in the GDPR)<\/h3> <p>The data processing controller on this website is:<\/p> <p>Jerzy Andrzejewski<br \/>\rul. Swoboda 35A<br \/>\rPL \u2013 60389 Pozna\u0144<\/p>\r\r<p>Phone:  +48-61-8688134<br \/>\rE-Mail: info@yunnantea.eu<\/p>\r <p>The controller is the natural person or legal entity that single-handedly or jointly with others makes\ndecisions as to the purposes of and resources for the processing of personal data (e.g. names, e-mail\naddresses, etc.).<\/p>\r\r<h3>Storage duration<\/h3> <p>Unless a more specific storage period has been specified in this privacy policy, your personal data will remain\nwith us until the purpose for which it was collected no longer applies. If you assert a justified request for\ndeletion or revoke your consent to data processing, your data will be deleted, unless we have other legally\npermissible reasons for storing your personal data (e.g. tax or commercial law retention periods); in the\nlatter case, the deletion will take place after these reasons cease to apply.<\/p>\r<h3>Designation of a data protection officer as mandated by law<\/h3> <p>We have appointed a data protection officer for our company.<\/p>\r<p>Jerzy Andrzejewski<br \/>\rul. Swoboda 35A<br \/>\rPL \u2013 60389 Pozna\u0144<\/p>\r\r<p>Phone:  +48-61-8688134<br \/>\rE-Mail: info@yunnantea.eu<\/p>\r\r<h3>Revocation of your consent to the processing of data<\/h3> <p>A wide range of data processing transactions are possible only subject to your express consent. You can also\nrevoke at any time any consent you have already given us. This shall be without prejudice to the lawfulness\nof any data collection that occurred prior to your revocation.<\/p>\r<h3>Right to object to the collection of data in special cases; right to object to direct\nadvertising (Art. 21 GDPR)<\/h3> <p>WENN DIE DATENVERARBEITUNG AUF GRUNDLAGE VON ART. 6 ABS. 1 LIT. E ODER F DSGVO ERFOLGT, HABEN SIE JEDERZEIT DAS RECHT, AUS GR&Uuml;NDEN, DIE SICH AUS IHRER BESONDEREN SITUATION ERGEBEN, GEGEN DIE VERARBEITUNG IHRER PERSONENBEZOGENEN DATEN WIDERSPRUCH EINZULEGEN; DIES GILT AUCH F&Uuml;R EIN AUF DIESE BESTIMMUNGEN GEST&Uuml;TZTES PROFILING. DIE JEWEILIGE RECHTSGRUNDLAGE, AUF DENEN EINE VERARBEITUNG BERUHT, ENTNEHMEN SIE DIESER DATENSCHUTZERKL&Auml;RUNG. WENN SIE WIDERSPRUCH EINLEGEN, WERDEN WIR IHRE BETROFFENEN PERSONENBEZOGENEN DATEN NICHT MEHR VERARBEITEN, ES SEI DENN, WIR K&Ouml;NNEN ZWINGENDE SCHUTZW&Uuml;RDIGE GR&Uuml;NDE F&Uuml;R DIE VERARBEITUNG NACHWEISEN, DIE IHRE INTERESSEN, RECHTE UND FREIHEITEN &Uuml;BERWIEGEN ODER DIE VERARBEITUNG DIENT DER GELTENDMACHUNG, AUS&Uuml;BUNG ODER VERTEIDIGUNG VON RECHTSANSPR&Uuml;CHEN (WIDERSPRUCH NACH ART. 21 ABS. 1 DSGVO).<\/p> <p>IF YOUR PERSONAL DATA IS BEING PROCESSED IN ORDER TO ENGAGE IN DIRECT ADVERTISING,\nYOU HAVE THE RIGHT TO AT ANY TIME OBJECT TO THE PROCESSING OF YOUR AFFECTED\nPERSONAL DATA FOR THE PURPOSES OF SUCH ADVERTISING. THIS ALSO APPLIES TO PROFILING TO\nTHE EXTENT THAT IT IS AFFILIATED WITH SUCH DIRECT ADVERTISING. IF YOU OBJECT, YOUR\nPERSONAL DATA WILL SUBSEQUENTLY NO LONGER BE USED FOR DIRECT ADVERTISING PURPOSES\n(OBJECTION PURSUANT TO ART. 21 SECT. 2 GDPR).<\/p>\r<h3>Right to log a complaint with the competent supervisory agency<\/h3> <p>In the event of violations of the GDPR, data subjects are entitled to log a complaint with a supervisory\nagency, in particular in the member state where they usually maintain their domicile, place of work or at the\nplace where the alleged violation occurred. The right to log a complaint is in effect regardless of any other\nadministrative or court proceedings available as legal recourses.<\/p>\r<h3>Right to data portability<\/h3> <p>You have the right to demand that we hand over any data we automatically process on the basis of your\nconsent or in order to fulfil a contract be handed over to you or a third party in a commonly used, machine\nreadable format. If you should demand the direct transfer of the data to another controller, this will be done\nonly if it is technically feasible.<\/p>\r<h3>SSL and\/or TLS encryption<\/h3> <p>For security reasons and to protect the transmission of confidential content, such as purchase orders or\ninquiries you submit to us as the website operator, this website uses either an SSL or a TLS encryption\nprogram. You can recognize an encrypted connection by checking whether the address line of the browser\nswitches from \u201chttp:\/\/\u201d to \u201chttps:\/\/\u201d and also by the appearance of the lock icon in the browser line.<\/p> <p>If the SSL or TLS encryption is activated, data you transmit to us cannot be read by third parties.<\/p>\r<h3>Information about, rectification and eradication of data<\/h3> <p>Within the scope of the applicable statutory provisions, you have the right to at any time demand\ninformation about your archived personal data, their source and recipients as well as the purpose of the\nprocessing of your data. You may also have a right to have your data rectified or eradicated. If you have\nquestions about this subject matter or any other questions about personal data, please do not hesitate to\ncontact us at any time at the address provided in section \u201cInformation Required by Law.\u201d<\/p>\r<h3>Right to demand processing restrictions<\/h3> <p>You have the right to demand the imposition of restrictions as far as the processing of your personal data is\nconcerned. To do so, you may contact us at any time at the address provided in section \u201cInformation\nRequired by Law.\u201d The right to demand restriction of processing applies in the following cases:<\/p> <ul> <li>In the event that you should dispute the correctness of your data archived by us, we will usually need\nsome time to verify this claim. During the time that this investigation is ongoing, you have the right to\ndemand that we restrict the processing of your personal data.<\/li> <li>If the processing of your personal data was\/is conducted in an unlawful manner, you have the option to\ndemand the restriction of the processing of your data in lieu of demanding the eradication of this data.<\/li> <li>If we do not need your personal data any longer and you need it to exercise, defend or claim legal\nentitlements, you have the right to demand the restriction of the processing of your personal data instead\nof its eradication.<\/li> <li>If you have raised an objection pursuant to Art. 21 Sect. 1 GDPR, your rights and our rights will have to be\nweighed against each other. As long as it has not been determined whose interests prevail, you have the\nright to demand a restriction of the processing of your personal data.<\/li> <\/ul> <p>If you have restricted the processing of your personal data, these data \u2013 with the exception of their archiving\n\u2013 may be processed only subject to your consent or to claim, exercise or defend legal entitlements or to\nprotect the rights of other natural persons or legal entities or for important public interest reasons cited by\nthe European Union or a member state of the EU.<\/p>\r<h3>Rejection of unsolicited e-mails<\/h3> <p>We herewith object to the use of contact information published in conjunction with the mandatory\ninformation to be provided in section \u201cInformation Required by Law\u201d to send us promotional and information\nmaterial that we have not expressly requested. The operators of this website and its pages reserve the\nexpress right to take legal action in the event of the unsolicited sending of promotional information, for\ninstance via SPAM messages.<\/p>\r<h2>4. Recording of data on this website<\/h2>\r<h3>Cookies<\/h3> <p>Our websites and pages use what the industry refers to as \u201ccookies.\u201d Cookies are small text files that do not\ncause any damage to your device. They are either stored temporarily for the duration of a session (session\ncookies) or they are permanently archived on your device (permanent cookies). Session cookies are\nautomatically deleted once you terminate your visit. Permanent cookies remain archived on your device\nuntil you actively delete them or they are automatically eradicated by your web browser.<\/p> <p>In some cases, it is possible that third-party cookies are stored on your device once you enter our site (thirdparty\ncookies). These cookies enable you or us to take advantage of certain services offered by the third\nparty (e.g. cookies for the processing of payment services).<\/p> <p>Cookies have a variety of functions. Many cookies are technically essential since certain website functions\nwould not work in the absence of the cookies (e.g. the shopping cart function or the display of videos). The\npurpose of other cookies may be the analysis of user patterns or the display of promotional messages.<\/p> <p>Cookies, which are required for the performance of electronic communication transactions (required\ncookies) or for the provision of certain functions you want to use (functional cookies, e.g. for the shopping\ncart function) or those that are necessary for the optimization of the website (e.g. cookies that provide\nmeasurable insights into the web audience), shall be stored on the basis of Art. 6 Sect. 1 lit. f GDPR, unless a\ndifferent legal basis is cited. The operator of the website has a legitimate interest in the storage of cookies to\nensure the technically error free and optimized provision of the operator\u2019s services. If your consent to the\nstorage of the cookies has been requested, the respective cookies are stored exclusively on the basis of the consent obtained (Art. 6 Sect. 1 lit. a GDPR); this consent may be revoked at any time.<\/p> <p>You have the option to set up your browser in such a manner that you will be notified any time cookies are\nplaced and to permit the acceptance of cookies only in specific cases. You may also exclude the acceptance of\ncookies in certain cases or in general or activate the delete function for the automatic eradication of cookies\nwhen the browser closes. If cookies are deactivated, the functions of this website may be limited.<\/p> <p>In the event that third-party cookies are used or if cookies are used for analytical purposes, we will\nseparately notify you in conjunction with this Data Protection Policy and, if applicable, ask for your consent.<\/p>\r<h3>Cookie Consent with Borlabs Cookie<\/h3> <p>Our website uses the Borlabs cookie consent technology to obtain your consent to the storage of certain\ncookies in your browser and for their data privacy protection compliant documentation. The provider of this\ntechnology is Borlabs - Benjamin A. Bornschein, Georg-Wilhelm-Str. 17, 21107 Hamburg, Germany\n(hereinafter referred to as Borlabs).<\/p> <p>Whenever you visit our website, a Borlabs cookie will be stored in your browser, which archives any\ndeclarations or revocations of consent you have entered. These data are not shared with the provider of the\nBorlabs technology.<\/p> <p class=\" translation-block\">Die erfassten Daten werden gespeichert, bis Sie uns zur L\u00f6schung auffordern bzw. das Borlabs-Cookie selbst l\u00f6schen oder der Zweck f\u00fcr die Datenspeicherung entf\u00e4llt. Zwingende gesetzliche Aufbewahrungsfristen bleiben unber\u00fchrt. Details zur Datenverarbeitung von Borlabs Cookie finden Sie unter <a href=\"https:\/\/de.borlabs.io\/kb\/welche-daten-speichert-borlabs-cookie\/\" target=\"_self\" rel=\"noopener noreferrer\">https:\/\/de.borlabs.io\/kb\/welche-daten-speichert-borlabs-cookie\/<\/a><\/p> <p>We use the Borlabs cookie consent technology to obtain the declarations of consent mandated by law for\nthe use of cookies. The legal basis for the use of such cookies is Art. 6 Sect. 1 Sentence 1 lit. c GDPR.<\/p>\r<h3>Server log files<\/h3> <p>The provider of this website and its pages automatically collects and stores information in so-called server\nlog files, which your browser communicates to us automatically. The information comprises:<\/p> <ul> <li>The type and version of browser used<\/li> <li>The used operating system<\/li> <li>Referrer URL<\/li> <li>The hostname of the accessing computer<\/li> <li>The time of the server inquiry<\/li> <li>The IP address<\/li> <\/ul> <p>Eine Zusammenf&uuml;hrung dieser Daten mit anderen Datenquellen wird nicht vorgenommen.<\/p> <p>This data is recorded on the basis of Art. 6 Sect. 1 lit. f GDPR. The operator of the website has a legitimate\ninterest in the technically error free depiction and the optimization of the operator\u2019s website. In order to\nachieve this, server log files must be recorded.<\/p>\r<h3>Contact form<\/h3> <p>If you submit inquiries to us via our contact form, the information provided in the contact form as well as any\ncontact information provided therein will be stored by us in order to handle your inquiry and in the event\nthat we have further questions. We will not share this information without your consent.<\/p> <p>These data are processed on the basis of Art. 6 Sect. 1 lit. b GDPR if your inquiry is related to the fulfillment\nof a contract or is required for the performance of pre-contractual measures. In all other cases, the data are\nprocessed on the basis of our legitimate interest in the effective handling of inquiries submitted to us (Art. 6\nSect. 1 lit. f GDPR) or on the basis of your consent (Art. 6 Sect. 1 lit. a GDPR) if it has been obtained.<\/p> <p>The information you have entered into the contact form shall remain with us until you ask us to eradicate the\ndata, revoke your consent to the archiving of data or if the purpose for which the information is being\narchived no longer exists (e.g. after we have concluded our response to your inquiry). This shall be without\nprejudice to any mandatory legal provisions \u2013 in particular retention periods.<\/p>\r<h3>Request by e-mail, telephone or fax<\/h3> <p>If you contact us by e-mail, telephone or fax, your request, including all resulting personal data (name,\nrequest) will be stored and processed by us for the purpose of processing your request. We do not pass these\ndata on without your consent.<\/p> <p>These data are processed on the basis of Art. 6 Sect. 1 lit. b GDPR if your inquiry is related to the fulfillment\nof a contract or is required for the performance of pre-contractual measures. In all other cases, the data are\nprocessed on the basis of our legitimate interest in the effective handling of inquiries submitted to us (Art. 6\nSect. 1 lit. f GDPR) or on the basis of your consent (Art. 6 Sect. 1 lit. a GDPR) if it has been obtained.<\/p> <p>The data sent by you to us via contact requests remain with us until you request us to delete, revoke your\nconsent to the storage or the purpose for the data storage lapses (e.g. after completion of your request).\nMandatory statutory provisions - in particular statutory retention periods - remain unaffected.<\/p>\r<h2>5. Plug-ins and Tools<\/h2>\r<h3>Google Web Fonts (local embedding)<\/h3> <p>This website uses so-called Web Fonts provided by Google to ensure the uniform use of fonts on this site.\nThese Google fonts are locally installed so that a connection to Google\u2019s servers will not be established in\nconjunction with this application.<\/p> <p class=\" translation-block\">Weitere Informationen zu Google Web Fonts finden Sie unter <a href=\"https:\/\/developers.google.com\/fonts\/faq\" target=\"_self\" rel=\"noopener noreferrer\">https:\/\/developers.google.com\/fonts\/faq<\/a> und in der Datenschutzerkl\u00e4rung von Google: <a href=\"https:\/\/policies.google.com\/privacy?hl=de\" target=\"_self\" rel=\"noopener noreferrer\">https:\/\/policies.google.com\/privacy?hl=de<\/a>.<\/p>\r<h2>6. eCommerce and payment service providers<\/h2>\r<h3>Processing of data (customer and contract data)<\/h3> <p>We collect, process and use personal data only to the extent necessary for the establishment, content\norganization or change of the legal relationship (data inventory). These actions are taken on the basis of Art.\n6 Sect. 1 lit. b GDPR, which permits the processing of data for the fulfilment of a contract or pre-contractual\nactions. We collect, process and use personal data concerning the use of this website (usage data) only to the\nextent that this is necessary to make it possible for users to utilize the services and to bill for them.<\/p> <p>The collected customer data shall be eradicated upon completion of the order or the termination of the\nbusiness relationship. This shall be without prejudice to any statutory retention mandates.<\/p>\r\t\t<\/div>\n\t\t\t\t<\/div>\n\t\t\t\t\t\t<\/div>\n\t\t\t\t\t<\/div>\n\t\t<\/div>\n\t\t\t\t\t\t\t\t<\/div>\n\t\t\t\t\t<\/div>\n\t\t<\/section>\n\t\t\t\t\t\t<\/div>\n\t\t\t\t\t\t<\/div>\n\t\t\t\t\t<\/div>","protected":false},"excerpt":{"rendered":"<p>DATENSCHUTZERKL\u00c4RUNG DATENSCHUTZ 1. Datenschutz auf einen Blick Allgemeine Hinweise Die folgenden Hinweise geben einen einfachen &Uuml;berblick dar&uuml;ber, was mit Ihren personenbezogenen Daten passiert, wenn Sie diese Website besuchen. Personenbezogene Daten sind alle Daten, mit denen Sie pers&ouml;nlich identifiziert werden k&ouml;nnen. Ausf&uuml;hrliche Informationen zum Thema Datenschutz entnehmen Sie unserer unter diesem Text aufgef&uuml;hrten Datenschutzerkl&auml;rung. Datenerfassung auf [&hellip;]<\/p>","protected":false},"author":1,"featured_media":0,"parent":0,"menu_order":0,"comment_status":"closed","ping_status":"open","template":"","meta":[],"_links":{"self":[{"href":"https:\/\/yunnantea.eu\/en\/wp-json\/wp\/v2\/pages\/3"}],"collection":[{"href":"https:\/\/yunnantea.eu\/en\/wp-json\/wp\/v2\/pages"}],"about":[{"href":"https:\/\/yunnantea.eu\/en\/wp-json\/wp\/v2\/types\/page"}],"author":[{"embeddable":true,"href":"https:\/\/yunnantea.eu\/en\/wp-json\/wp\/v2\/users\/1"}],"replies":[{"embeddable":true,"href":"https:\/\/yunnantea.eu\/en\/wp-json\/wp\/v2\/comments?post=3"}],"version-history":[{"count":12,"href":"https:\/\/yunnantea.eu\/en\/wp-json\/wp\/v2\/pages\/3\/revisions"}],"predecessor-version":[{"id":447,"href":"https:\/\/yunnantea.eu\/en\/wp-json\/wp\/v2\/pages\/3\/revisions\/447"}],"wp:attachment":[{"href":"https:\/\/yunnantea.eu\/en\/wp-json\/wp\/v2\/media?parent=3"}],"curies":[{"name":"wp","href":"https:\/\/api.w.org\/{rel}","templated":true}]}}