{"id":85,"date":"2020-09-07T18:27:10","date_gmt":"2020-09-07T16:27:10","guid":{"rendered":"http:\/\/yunnantea.eu\/?page_id=85"},"modified":"2020-09-25T13:58:30","modified_gmt":"2020-09-25T11:58:30","slug":"gruener-tee","status":"publish","type":"page","link":"https:\/\/yunnantea.eu\/en\/gruener-tee\/","title":{"rendered":"Gr\u00fcner Tee"},"content":{"rendered":"<div data-elementor-type=\"wp-page\" data-elementor-id=\"85\" class=\"elementor elementor-85\" data-elementor-settings=\"[]\">\n\t\t\t\t\t\t<div class=\"elementor-inner\">\n\t\t\t\t\t\t\t<div class=\"elementor-section-wrap\">\n\t\t\t\t\t\t\t<section class=\"elementor-section elementor-top-section elementor-element elementor-element-2ccfbeab elementor-section-boxed elementor-section-height-default elementor-section-height-default\" data-id=\"2ccfbeab\" data-element_type=\"section\">\n\t\t\t\t\t\t<div class=\"elementor-container elementor-column-gap-default\">\n\t\t\t\t\t\t\t<div class=\"elementor-row\">\n\t\t\t\t\t<div class=\"elementor-column elementor-col-100 elementor-top-column elementor-element elementor-element-334d535e\" data-id=\"334d535e\" data-element_type=\"column\">\n\t\t\t<div class=\"elementor-column-wrap elementor-element-populated\">\n\t\t\t\t\t\t\t<div class=\"elementor-widget-wrap\">\n\t\t\t\t\t\t<div class=\"elementor-element elementor-element-2fa5f1f6 elementor-widget elementor-widget-heading\" data-id=\"2fa5f1f6\" data-element_type=\"widget\" data-widget_type=\"heading.default\">\n\t\t\t\t<div class=\"elementor-widget-container\">\n\t\t\t<h2 class=\"elementor-heading-title elementor-size-default\">ORGANIC GREEN YUNNAN TEA<\/h2>\t\t<\/div>\n\t\t\t\t<\/div>\n\t\t\t\t\t\t<\/div>\n\t\t\t\t\t<\/div>\n\t\t<\/div>\n\t\t\t\t\t\t\t\t<\/div>\n\t\t\t\t\t<\/div>\n\t\t<\/section>\n\t\t\t\t<section class=\"elementor-section elementor-top-section elementor-element elementor-element-1424aaa9 elementor-section-boxed elementor-section-height-default elementor-section-height-default\" data-id=\"1424aaa9\" data-element_type=\"section\">\n\t\t\t\t\t\t<div class=\"elementor-container elementor-column-gap-default\">\n\t\t\t\t\t\t\t<div class=\"elementor-row\">\n\t\t\t\t\t<div class=\"elementor-column elementor-col-50 elementor-top-column elementor-element elementor-element-c621479\" data-id=\"c621479\" data-element_type=\"column\">\n\t\t\t<div class=\"elementor-column-wrap elementor-element-populated\">\n\t\t\t\t\t\t\t<div class=\"elementor-widget-wrap\">\n\t\t\t\t\t\t<div class=\"elementor-element elementor-element-9dab717 elementor-widget elementor-widget-image\" data-id=\"9dab717\" data-element_type=\"widget\" data-widget_type=\"image.default\">\n\t\t\t\t<div class=\"elementor-widget-container\">\n\t\t\t\t\t\t\t\t<div class=\"elementor-image\">\n\t\t\t\t\t\t\t\t\t\t\t\t<img src=\"https:\/\/yunnantea.eu\/wp-content\/uploads\/elementor\/thumbs\/Gruener_Tee_frei_01-ovw98v4y2xc0ikh38ts5vq7juurj76dhoidvhjas9g.png\" title=\"Gruener_Tee_frei_01\" alt=\"Gruener_Tee_frei_01\" \/>\t\t\t\t\t\t\t\t\t\t\t\t\t\t<\/div>\n\t\t\t\t\t\t<\/div>\n\t\t\t\t<\/div>\n\t\t\t\t\t\t<\/div>\n\t\t\t\t\t<\/div>\n\t\t<\/div>\n\t\t\t\t<div class=\"elementor-column elementor-col-50 elementor-top-column elementor-element elementor-element-5fe3f2cd\" data-id=\"5fe3f2cd\" data-element_type=\"column\">\n\t\t\t<div class=\"elementor-column-wrap elementor-element-populated\">\n\t\t\t\t\t\t\t<div class=\"elementor-widget-wrap\">\n\t\t\t\t\t\t<div class=\"elementor-element elementor-element-12941799 elementor-widget elementor-widget-text-editor\" data-id=\"12941799\" data-element_type=\"widget\" data-widget_type=\"text-editor.default\">\n\t\t\t\t<div class=\"elementor-widget-container\">\n\t\t\t\t\t\t\t\t<div class=\"elementor-text-editor elementor-clearfix\">\n\t\t\t\t<p>Green YUNNAN tea is becoming increasingly popular in Europe. This large-leaved, pure tea comes from certified organic farming. It\u2019s a top tea with carefully worked, jade-coloured leaves and many silver tips. Its golden-yellow colour, its flowery flavour and its bittersweet taste stimulate all the senses. With its light energy, the tea promotes overall wellbeing, greater health and harmony.<\/p><p>\u00a0<\/p><p>Art. EG 901 \/ 75 g<\/p>\t\t\t\t\t<\/div>\n\t\t\t\t\t\t<\/div>\n\t\t\t\t<\/div>\n\t\t\t\t\t\t<\/div>\n\t\t\t\t\t<\/div>\n\t\t<\/div>\n\t\t\t\t\t\t\t\t<\/div>\n\t\t\t\t\t<\/div>\n\t\t<\/section>\n\t\t\t\t<section class=\"elementor-section elementor-top-section elementor-element elementor-element-5c92e37c elementor-section-boxed elementor-section-height-default elementor-section-height-default\" data-id=\"5c92e37c\" data-element_type=\"section\">\n\t\t\t\t\t\t<div class=\"elementor-container elementor-column-gap-default\">\n\t\t\t\t\t\t\t<div class=\"elementor-row\">\n\t\t\t\t\t<div class=\"elementor-column elementor-col-50 elementor-top-column elementor-element elementor-element-44a3e360\" data-id=\"44a3e360\" data-element_type=\"column\">\n\t\t\t<div class=\"elementor-column-wrap elementor-element-populated\">\n\t\t\t\t\t\t\t<div class=\"elementor-widget-wrap\">\n\t\t\t\t\t\t<div class=\"elementor-element elementor-element-3e2bc04f elementor-widget elementor-widget-heading\" data-id=\"3e2bc04f\" data-element_type=\"widget\" data-widget_type=\"heading.default\">\n\t\t\t\t<div class=\"elementor-widget-container\">\n\t\t\t<h3 class=\"elementor-heading-title elementor-size-default\">PREPARATION<\/h3>\t\t<\/div>\n\t\t\t\t<\/div>\n\t\t\t\t\t\t<\/div>\n\t\t\t\t\t<\/div>\n\t\t<\/div>\n\t\t\t\t<div class=\"elementor-column elementor-col-50 elementor-top-column elementor-element elementor-element-5ef2c554\" data-id=\"5ef2c554\" data-element_type=\"column\">\n\t\t\t<div class=\"elementor-column-wrap\">\n\t\t\t\t\t\t\t<div class=\"elementor-widget-wrap\">\n\t\t\t\t\t\t\t\t<\/div>\n\t\t\t\t\t<\/div>\n\t\t<\/div>\n\t\t\t\t\t\t\t\t<\/div>\n\t\t\t\t\t<\/div>\n\t\t<\/section>\n\t\t\t\t<section class=\"elementor-section elementor-top-section elementor-element elementor-element-398e15f9 elementor-section-boxed elementor-section-height-default elementor-section-height-default\" data-id=\"398e15f9\" data-element_type=\"section\">\n\t\t\t\t\t\t<div class=\"elementor-container elementor-column-gap-default\">\n\t\t\t\t\t\t\t<div class=\"elementor-row\">\n\t\t\t\t\t<div class=\"elementor-column elementor-col-50 elementor-top-column elementor-element elementor-element-1b5da8bb\" data-id=\"1b5da8bb\" data-element_type=\"column\">\n\t\t\t<div class=\"elementor-column-wrap elementor-element-populated\">\n\t\t\t\t\t\t\t<div class=\"elementor-widget-wrap\">\n\t\t\t\t\t\t<div class=\"elementor-element elementor-element-da00729 elementor-widget elementor-widget-text-editor\" data-id=\"da00729\" data-element_type=\"widget\" data-widget_type=\"text-editor.default\">\n\t\t\t\t<div class=\"elementor-widget-container\">\n\t\t\t\t\t\t\t\t<div class=\"elementor-text-editor elementor-clearfix\">\n\t\t\t\t<p>It is crucial to use the correct amount of leaves. Don\u2019t use too much, since green tea can be spoiled simply by using too many leaves. The recommended amount for one cup is roughly one level spoonful, but it\u2019s possible to use more or less depending on your personal preference.<\/p><p>The ideal brewing temperature lies between 80-90 \u00b0C, to preserve the goodness and the taste. In China, tea is \u201eawakened\u201c by a quick first infusion. This gets poured away, before the actual infusion takes place. It\u2019s possible to do multiple infusions with such a rich, energized tea. The ideal steeping time is between 1-3 minutes. For a very light tea, 10-30 seconds is plenty.<\/p>\t\t\t\t\t<\/div>\n\t\t\t\t\t\t<\/div>\n\t\t\t\t<\/div>\n\t\t\t\t\t\t<\/div>\n\t\t\t\t\t<\/div>\n\t\t<\/div>\n\t\t\t\t<div class=\"elementor-column elementor-col-50 elementor-top-column elementor-element elementor-element-54a2c621\" data-id=\"54a2c621\" data-element_type=\"column\">\n\t\t\t<div class=\"elementor-column-wrap elementor-element-populated\">\n\t\t\t\t\t\t\t<div class=\"elementor-widget-wrap\">\n\t\t\t\t\t\t<div class=\"elementor-element elementor-element-e6b4345 elementor-widget elementor-widget-image\" data-id=\"e6b4345\" data-element_type=\"widget\" data-widget_type=\"image.default\">\n\t\t\t\t<div class=\"elementor-widget-container\">\n\t\t\t\t\t\t\t\t<div class=\"elementor-image\">\n\t\t\t\t\t\t\t\t\t\t\t\t<img src=\"https:\/\/yunnantea.eu\/wp-content\/uploads\/elementor\/thumbs\/IMG_2458-scaled-ovw98v4y2xc0ikh38ts5vq7juurj76dhoidvhjarvk.jpg\" title=\"IMG_2458\" alt=\"IMG_2458\" \/>\t\t\t\t\t\t\t\t\t\t\t\t\t\t<\/div>\n\t\t\t\t\t\t<\/div>\n\t\t\t\t<\/div>\n\t\t\t\t\t\t<\/div>\n\t\t\t\t\t<\/div>\n\t\t<\/div>\n\t\t\t\t\t\t\t\t<\/div>\n\t\t\t\t\t<\/div>\n\t\t<\/section>\n\t\t\t\t\t\t<\/div>\n\t\t\t\t\t\t<\/div>\n\t\t\t\t\t<\/div>","protected":false},"excerpt":{"rendered":"<p>GR\u00dcNER BIO YUNNAN TEE Der Gr\u00fcne YUNNAN Tee erfreut sich st\u00e4ndig wachsender Beliebtheit in Europa. Dieser gro\u00dfbl\u00e4ttrige, reine Tee stammt aus kontrolliert \u00f6kologischem Anbau. Es ist ein Spitzentee mit sorgf\u00e4ltig gearbeiteten, jadegr\u00fcnen Bl\u00e4ttern und vielen Silbernen Blattknospen. Seine goldgelbe Tasse, sein blumiges Aroma und sein fruchtiger, zartherber Geschmack regen alle Sinne an. Dieser Tee f\u00f6rdert [&hellip;]<\/p>","protected":false},"author":1,"featured_media":0,"parent":0,"menu_order":0,"comment_status":"closed","ping_status":"closed","template":"","meta":[],"_links":{"self":[{"href":"https:\/\/yunnantea.eu\/en\/wp-json\/wp\/v2\/pages\/85"}],"collection":[{"href":"https:\/\/yunnantea.eu\/en\/wp-json\/wp\/v2\/pages"}],"about":[{"href":"https:\/\/yunnantea.eu\/en\/wp-json\/wp\/v2\/types\/page"}],"author":[{"embeddable":true,"href":"https:\/\/yunnantea.eu\/en\/wp-json\/wp\/v2\/users\/1"}],"replies":[{"embeddable":true,"href":"https:\/\/yunnantea.eu\/en\/wp-json\/wp\/v2\/comments?post=85"}],"version-history":[{"count":10,"href":"https:\/\/yunnantea.eu\/en\/wp-json\/wp\/v2\/pages\/85\/revisions"}],"predecessor-version":[{"id":429,"href":"https:\/\/yunnantea.eu\/en\/wp-json\/wp\/v2\/pages\/85\/revisions\/429"}],"wp:attachment":[{"href":"https:\/\/yunnantea.eu\/en\/wp-json\/wp\/v2\/media?parent=85"}],"curies":[{"name":"wp","href":"https:\/\/api.w.org\/{rel}","templated":true}]}}