{"id":26,"date":"2020-09-06T14:11:21","date_gmt":"2020-09-06T12:11:21","guid":{"rendered":"http:\/\/yunnantea.eu\/?page_id=26"},"modified":"2020-10-07T10:08:22","modified_gmt":"2020-10-07T08:08:22","slug":"qualitaet","status":"publish","type":"page","link":"https:\/\/yunnantea.eu\/fr\/qualitaet\/","title":{"rendered":"Qualit\u00e4t"},"content":{"rendered":"<div data-elementor-type=\"wp-page\" data-elementor-id=\"26\" class=\"elementor elementor-26\" data-elementor-settings=\"[]\">\n\t\t\t\t\t\t<div class=\"elementor-inner\">\n\t\t\t\t\t\t\t<div class=\"elementor-section-wrap\">\n\t\t\t\t\t\t\t<section class=\"elementor-section elementor-top-section elementor-element elementor-element-221bebea elementor-section-boxed elementor-section-height-default elementor-section-height-default\" data-id=\"221bebea\" data-element_type=\"section\">\n\t\t\t\t\t\t<div class=\"elementor-container elementor-column-gap-default\">\n\t\t\t\t\t\t\t<div class=\"elementor-row\">\n\t\t\t\t\t<div class=\"elementor-column elementor-col-100 elementor-top-column elementor-element elementor-element-8b90906\" data-id=\"8b90906\" data-element_type=\"column\">\n\t\t\t<div class=\"elementor-column-wrap elementor-element-populated\">\n\t\t\t\t\t\t\t<div class=\"elementor-widget-wrap\">\n\t\t\t\t\t\t<div class=\"elementor-element elementor-element-7174d166 elementor-widget elementor-widget-heading\" data-id=\"7174d166\" data-element_type=\"widget\" data-widget_type=\"heading.default\">\n\t\t\t\t<div class=\"elementor-widget-container\">\n\t\t\t<h2 class=\"elementor-heading-title elementor-size-default\">LA QUALITE<\/h2>\t\t<\/div>\n\t\t\t\t<\/div>\n\t\t\t\t\t\t<\/div>\n\t\t\t\t\t<\/div>\n\t\t<\/div>\n\t\t\t\t\t\t\t\t<\/div>\n\t\t\t\t\t<\/div>\n\t\t<\/section>\n\t\t\t\t<section class=\"elementor-section elementor-top-section elementor-element elementor-element-9f9ae7e elementor-section-boxed elementor-section-height-default elementor-section-height-default\" data-id=\"9f9ae7e\" data-element_type=\"section\">\n\t\t\t\t\t\t<div class=\"elementor-container elementor-column-gap-default\">\n\t\t\t\t\t\t\t<div class=\"elementor-row\">\n\t\t\t\t\t<div class=\"elementor-column elementor-col-50 elementor-top-column elementor-element elementor-element-5fc24249\" data-id=\"5fc24249\" data-element_type=\"column\">\n\t\t\t<div class=\"elementor-column-wrap elementor-element-populated\">\n\t\t\t\t\t\t\t<div class=\"elementor-widget-wrap\">\n\t\t\t\t\t\t<div class=\"elementor-element elementor-element-71e5e732 elementor-widget elementor-widget-image\" data-id=\"71e5e732\" data-element_type=\"widget\" data-widget_type=\"image.default\">\n\t\t\t\t<div class=\"elementor-widget-container\">\n\t\t\t\t\t\t\t\t<div class=\"elementor-image\">\n\t\t\t\t\t\t\t\t\t\t\t\t<img width=\"800\" height=\"530\" src=\"https:\/\/yunnantea.eu\/wp-content\/uploads\/2020\/09\/QUALITA\u0308T-1-1024x678.jpg\" class=\"attachment-large size-large\" alt=\"\" loading=\"lazy\" srcset=\"https:\/\/yunnantea.eu\/wp-content\/uploads\/2020\/09\/QUALITA\u0308T-1-1024x678.jpg 1024w, https:\/\/yunnantea.eu\/wp-content\/uploads\/2020\/09\/QUALITA\u0308T-1-300x199.jpg 300w, https:\/\/yunnantea.eu\/wp-content\/uploads\/2020\/09\/QUALITA\u0308T-1-768x509.jpg 768w, https:\/\/yunnantea.eu\/wp-content\/uploads\/2020\/09\/QUALITA\u0308T-1-1536x1017.jpg 1536w, https:\/\/yunnantea.eu\/wp-content\/uploads\/2020\/09\/QUALITA\u0308T-1-2048x1356.jpg 2048w\" sizes=\"(max-width: 800px) 100vw, 800px\" \/>\t\t\t\t\t\t\t\t\t\t\t\t\t\t<\/div>\n\t\t\t\t\t\t<\/div>\n\t\t\t\t<\/div>\n\t\t\t\t\t\t<\/div>\n\t\t\t\t\t<\/div>\n\t\t<\/div>\n\t\t\t\t<div class=\"elementor-column elementor-col-50 elementor-top-column elementor-element elementor-element-7f463ce7\" data-id=\"7f463ce7\" data-element_type=\"column\">\n\t\t\t<div class=\"elementor-column-wrap elementor-element-populated\">\n\t\t\t\t\t\t\t<div class=\"elementor-widget-wrap\">\n\t\t\t\t\t\t<div class=\"elementor-element elementor-element-272b0618 elementor-widget elementor-widget-text-editor\" data-id=\"272b0618\" data-element_type=\"widget\" data-widget_type=\"text-editor.default\">\n\t\t\t\t<div class=\"elementor-widget-container\">\n\t\t\t\t\t\t\t\t<div class=\"elementor-text-editor elementor-clearfix\">\n\t\t\t\t<p>Afin d\u2019am\u00e9liorer encore la qualit\u00e9 de leur th\u00e9 du YUNNAN, l\u2019entreprise \u00ab YUNNAN ChangNingHong Tea \u00bb s\u2019est engag\u00e9e dans l\u2019agriculture biologique. Leur plantation de \u00ab Ji Fei Village \u00bb est situ\u00e9e dans la partie ouest du YUNNAN, proche de la fronti\u00e8re avec le Myanmar. La culture biologique a d\u00e9but\u00e9e dans cette partie recul\u00e9e des plateaux il y a 30 ans d\u00e9j\u00e0 et c\u2019est pour cette raison que la certification par l\u2019organisme national australien de certification (NASAA) a pu \u00eatre r\u00e9alis\u00e9e dans un d\u00e9lai tr\u00e8s court. La plantation, l\u2019usine de transformation et l\u2019unit\u00e9 de conditionnement ont re\u00e7u l\u2019agr\u00e9ment d\u2019exploitation BIO sous le n\u00b0 \u00ab CN-BIO-119 \u00bb.<\/p>\t\t\t\t\t<\/div>\n\t\t\t\t\t\t<\/div>\n\t\t\t\t<\/div>\n\t\t\t\t\t\t<\/div>\n\t\t\t\t\t<\/div>\n\t\t<\/div>\n\t\t\t\t\t\t\t\t<\/div>\n\t\t\t\t\t<\/div>\n\t\t<\/section>\n\t\t\t\t<section class=\"elementor-section elementor-top-section elementor-element elementor-element-ecaa7f9 elementor-section-boxed elementor-section-height-default elementor-section-height-default\" data-id=\"ecaa7f9\" data-element_type=\"section\">\n\t\t\t\t\t\t<div class=\"elementor-container elementor-column-gap-default\">\n\t\t\t\t\t\t\t<div class=\"elementor-row\">\n\t\t\t\t\t<div class=\"elementor-column elementor-col-50 elementor-top-column elementor-element elementor-element-df74123\" data-id=\"df74123\" data-element_type=\"column\">\n\t\t\t<div class=\"elementor-column-wrap elementor-element-populated\">\n\t\t\t\t\t\t\t<div class=\"elementor-widget-wrap\">\n\t\t\t\t\t\t<div class=\"elementor-element elementor-element-12968d8 elementor-widget elementor-widget-text-editor\" data-id=\"12968d8\" data-element_type=\"widget\" data-widget_type=\"text-editor.default\">\n\t\t\t\t<div class=\"elementor-widget-container\">\n\t\t\t\t\t\t\t\t<div class=\"elementor-text-editor elementor-clearfix\">\n\t\t\t\t<p>La prochaine \u00e9tape importante pour l\u2019entreprise sera la certification compl\u00e8te comme production agricole durable par \u00ab Rainforest Alliance \u00bb. De larges surfaces cultiv\u00e9es le sont d\u00e9j\u00e0, d\u2019autres plantations de th\u00e9 suivent pas \u00e0 pas.<\/p>\t\t\t\t\t<\/div>\n\t\t\t\t\t\t<\/div>\n\t\t\t\t<\/div>\n\t\t\t\t\t\t<\/div>\n\t\t\t\t\t<\/div>\n\t\t<\/div>\n\t\t\t\t<div class=\"elementor-column elementor-col-50 elementor-top-column elementor-element elementor-element-c9b530b\" data-id=\"c9b530b\" data-element_type=\"column\">\n\t\t\t<div class=\"elementor-column-wrap elementor-element-populated\">\n\t\t\t\t\t\t\t<div class=\"elementor-widget-wrap\">\n\t\t\t\t\t\t<div class=\"elementor-element elementor-element-0b7bbc5 elementor-widget elementor-widget-image\" data-id=\"0b7bbc5\" data-element_type=\"widget\" data-widget_type=\"image.default\">\n\t\t\t\t<div class=\"elementor-widget-container\">\n\t\t\t\t\t\t\t\t<div class=\"elementor-image\">\n\t\t\t\t\t\t\t\t\t\t\t\t<img width=\"800\" height=\"600\" src=\"https:\/\/yunnantea.eu\/wp-content\/uploads\/2020\/09\/QUALITA\u0308T-3-1024x768.jpg\" class=\"attachment-large size-large\" alt=\"\" loading=\"lazy\" srcset=\"https:\/\/yunnantea.eu\/wp-content\/uploads\/2020\/09\/QUALITA\u0308T-3-1024x768.jpg 1024w, https:\/\/yunnantea.eu\/wp-content\/uploads\/2020\/09\/QUALITA\u0308T-3-300x225.jpg 300w, https:\/\/yunnantea.eu\/wp-content\/uploads\/2020\/09\/QUALITA\u0308T-3-768x576.jpg 768w, https:\/\/yunnantea.eu\/wp-content\/uploads\/2020\/09\/QUALITA\u0308T-3-1536x1152.jpg 1536w, https:\/\/yunnantea.eu\/wp-content\/uploads\/2020\/09\/QUALITA\u0308T-3-2048x1536.jpg 2048w\" sizes=\"(max-width: 800px) 100vw, 800px\" \/>\t\t\t\t\t\t\t\t\t\t\t\t\t\t<\/div>\n\t\t\t\t\t\t<\/div>\n\t\t\t\t<\/div>\n\t\t\t\t\t\t<\/div>\n\t\t\t\t\t<\/div>\n\t\t<\/div>\n\t\t\t\t\t\t\t\t<\/div>\n\t\t\t\t\t<\/div>\n\t\t<\/section>\n\t\t\t\t<section class=\"elementor-section elementor-top-section elementor-element elementor-element-8c3edef elementor-section-boxed elementor-section-height-default elementor-section-height-default\" data-id=\"8c3edef\" data-element_type=\"section\">\n\t\t\t\t\t\t<div class=\"elementor-container elementor-column-gap-default\">\n\t\t\t\t\t\t\t<div class=\"elementor-row\">\n\t\t\t\t\t<div class=\"elementor-column elementor-col-50 elementor-top-column elementor-element elementor-element-443f3ee\" data-id=\"443f3ee\" data-element_type=\"column\">\n\t\t\t<div class=\"elementor-column-wrap elementor-element-populated\">\n\t\t\t\t\t\t\t<div class=\"elementor-widget-wrap\">\n\t\t\t\t\t\t<div class=\"elementor-element elementor-element-9d3e50a elementor-widget elementor-widget-image\" data-id=\"9d3e50a\" data-element_type=\"widget\" data-widget_type=\"image.default\">\n\t\t\t\t<div class=\"elementor-widget-container\">\n\t\t\t\t\t\t\t\t<div class=\"elementor-image\">\n\t\t\t\t\t\t\t\t\t\t\t\t<img width=\"800\" height=\"600\" src=\"https:\/\/yunnantea.eu\/wp-content\/uploads\/2020\/09\/QUALITA\u0308T-6-1024x768.jpg\" class=\"attachment-large size-large\" alt=\"\" loading=\"lazy\" srcset=\"https:\/\/yunnantea.eu\/wp-content\/uploads\/2020\/09\/QUALITA\u0308T-6-1024x768.jpg 1024w, https:\/\/yunnantea.eu\/wp-content\/uploads\/2020\/09\/QUALITA\u0308T-6-300x225.jpg 300w, https:\/\/yunnantea.eu\/wp-content\/uploads\/2020\/09\/QUALITA\u0308T-6-768x576.jpg 768w, https:\/\/yunnantea.eu\/wp-content\/uploads\/2020\/09\/QUALITA\u0308T-6-1536x1152.jpg 1536w, https:\/\/yunnantea.eu\/wp-content\/uploads\/2020\/09\/QUALITA\u0308T-6-2048x1536.jpg 2048w\" sizes=\"(max-width: 800px) 100vw, 800px\" \/>\t\t\t\t\t\t\t\t\t\t\t\t\t\t<\/div>\n\t\t\t\t\t\t<\/div>\n\t\t\t\t<\/div>\n\t\t\t\t\t\t<\/div>\n\t\t\t\t\t<\/div>\n\t\t<\/div>\n\t\t\t\t<div class=\"elementor-column elementor-col-50 elementor-top-column elementor-element elementor-element-68f4c76\" data-id=\"68f4c76\" data-element_type=\"column\">\n\t\t\t<div class=\"elementor-column-wrap elementor-element-populated\">\n\t\t\t\t\t\t\t<div class=\"elementor-widget-wrap\">\n\t\t\t\t\t\t<div class=\"elementor-element elementor-element-508f694 elementor-widget elementor-widget-text-editor\" data-id=\"508f694\" data-element_type=\"widget\" data-widget_type=\"text-editor.default\">\n\t\t\t\t<div class=\"elementor-widget-container\">\n\t\t\t\t\t\t\t\t<div class=\"elementor-text-editor elementor-clearfix\">\n\t\t\t\t<p>Comme depuis la nuit des temps, les feuilles pour produire du th\u00e9 BIO sont r\u00e9colt\u00e9es \u00e0 la main selon la r\u00e8gle: two leaves and the bud (deux jeunes feuilles et le bourgeon). La transformation se fait ensuite aux m\u00e9thodes traditionnelles et respectueuses \u00e0 l\u2019usine toute proche. C\u2019est l\u00e0 que sont \u00e9labor\u00e9es, \u00e0 partir de grandes feuilles, exclusivement de th\u00e9s nobles et purs. Avant le conditionnement le th\u00e9 subit un ultime contr\u00f4le par le laboratoire ind\u00e9pendant EUROFINS, agr\u00e9\u00e9 par l\u2019organisme chinois de contr\u00f4le CNAS.<\/p>\t\t\t\t\t<\/div>\n\t\t\t\t\t\t<\/div>\n\t\t\t\t<\/div>\n\t\t\t\t\t\t<\/div>\n\t\t\t\t\t<\/div>\n\t\t<\/div>\n\t\t\t\t\t\t\t\t<\/div>\n\t\t\t\t\t<\/div>\n\t\t<\/section>\n\t\t\t\t<section class=\"elementor-section elementor-top-section elementor-element elementor-element-0c34663 elementor-section-boxed elementor-section-height-default elementor-section-height-default\" data-id=\"0c34663\" data-element_type=\"section\">\n\t\t\t\t\t\t<div class=\"elementor-container elementor-column-gap-default\">\n\t\t\t\t\t\t\t<div class=\"elementor-row\">\n\t\t\t\t\t<div class=\"elementor-column elementor-col-50 elementor-top-column elementor-element elementor-element-63f7df8\" data-id=\"63f7df8\" data-element_type=\"column\">\n\t\t\t<div class=\"elementor-column-wrap elementor-element-populated\">\n\t\t\t\t\t\t\t<div class=\"elementor-widget-wrap\">\n\t\t\t\t\t\t<div class=\"elementor-element elementor-element-4ea4737 elementor-widget elementor-widget-text-editor\" data-id=\"4ea4737\" data-element_type=\"widget\" data-widget_type=\"text-editor.default\">\n\t\t\t\t<div class=\"elementor-widget-container\">\n\t\t\t\t\t\t\t\t<div class=\"elementor-text-editor elementor-clearfix\">\n\t\t\t\t<p>\u00ab Ji Fei Village \u00bb produit actuellement du th\u00e9 vert et noir, conditionn\u00e9 sur place et pr\u00e9par\u00e9 pour l\u2019exportation en Europe. Ainsi se r\u00e9alise la devise de Sir Lipton, ce pionnier am\u00e9ricain du th\u00e9: From the tea-garden to the tea-pot (directement de la plantation \u00e0 la th\u00e9i\u00e8re).<\/p><p>.<\/p>\t\t\t\t\t<\/div>\n\t\t\t\t\t\t<\/div>\n\t\t\t\t<\/div>\n\t\t\t\t\t\t<\/div>\n\t\t\t\t\t<\/div>\n\t\t<\/div>\n\t\t\t\t<div class=\"elementor-column elementor-col-50 elementor-top-column elementor-element elementor-element-31f7faf\" data-id=\"31f7faf\" data-element_type=\"column\">\n\t\t\t<div class=\"elementor-column-wrap elementor-element-populated\">\n\t\t\t\t\t\t\t<div class=\"elementor-widget-wrap\">\n\t\t\t\t\t\t<div class=\"elementor-element elementor-element-92e88b5 elementor-widget elementor-widget-image\" data-id=\"92e88b5\" data-element_type=\"widget\" data-widget_type=\"image.default\">\n\t\t\t\t<div class=\"elementor-widget-container\">\n\t\t\t\t\t\t\t\t<div class=\"elementor-image\">\n\t\t\t\t\t\t\t\t\t\t\t\t<img width=\"800\" height=\"600\" src=\"https:\/\/yunnantea.eu\/wp-content\/uploads\/2020\/09\/QUALITA\u0308T-5-1024x768.jpg\" class=\"attachment-large size-large\" alt=\"\" loading=\"lazy\" srcset=\"https:\/\/yunnantea.eu\/wp-content\/uploads\/2020\/09\/QUALITA\u0308T-5-1024x768.jpg 1024w, https:\/\/yunnantea.eu\/wp-content\/uploads\/2020\/09\/QUALITA\u0308T-5-300x225.jpg 300w, https:\/\/yunnantea.eu\/wp-content\/uploads\/2020\/09\/QUALITA\u0308T-5-768x576.jpg 768w, https:\/\/yunnantea.eu\/wp-content\/uploads\/2020\/09\/QUALITA\u0308T-5-1536x1152.jpg 1536w, https:\/\/yunnantea.eu\/wp-content\/uploads\/2020\/09\/QUALITA\u0308T-5-2048x1536.jpg 2048w\" sizes=\"(max-width: 800px) 100vw, 800px\" \/>\t\t\t\t\t\t\t\t\t\t\t\t\t\t<\/div>\n\t\t\t\t\t\t<\/div>\n\t\t\t\t<\/div>\n\t\t\t\t\t\t<\/div>\n\t\t\t\t\t<\/div>\n\t\t<\/div>\n\t\t\t\t\t\t\t\t<\/div>\n\t\t\t\t\t<\/div>\n\t\t<\/section>\n\t\t\t\t<section class=\"elementor-section elementor-top-section elementor-element elementor-element-1327f07d elementor-section-boxed elementor-section-height-default elementor-section-height-default\" data-id=\"1327f07d\" data-element_type=\"section\">\n\t\t\t\t\t\t<div class=\"elementor-container elementor-column-gap-default\">\n\t\t\t\t\t\t\t<div class=\"elementor-row\">\n\t\t\t\t\t<div class=\"elementor-column elementor-col-100 elementor-top-column elementor-element elementor-element-2db6ed73\" data-id=\"2db6ed73\" data-element_type=\"column\">\n\t\t\t<div class=\"elementor-column-wrap elementor-element-populated\">\n\t\t\t\t\t\t\t<div class=\"elementor-widget-wrap\">\n\t\t\t\t\t\t<div class=\"elementor-element elementor-element-1ebf957a elementor--h-position-center elementor--v-position-middle elementor-arrows-position-inside elementor-pagination-position-inside elementor-widget elementor-widget-slides\" data-id=\"1ebf957a\" data-element_type=\"widget\" data-settings=\"{&quot;navigation&quot;:&quot;both&quot;,&quot;autoplay&quot;:&quot;yes&quot;,&quot;pause_on_interaction&quot;:&quot;yes&quot;,&quot;autoplay_speed&quot;:5000,&quot;infinite&quot;:&quot;yes&quot;,&quot;transition&quot;:&quot;slide&quot;,&quot;transition_speed&quot;:500}\" data-widget_type=\"slides.default\">\n\t\t\t\t<div class=\"elementor-widget-container\">\n\t\t\t\t\t<div class=\"elementor-swiper\">\n\t\t\t<div class=\"elementor-slides-wrapper elementor-main-swiper swiper-container\" dir=\"ltr\" data-animation=\"fadeInUp\">\n\t\t\t\t<div class=\"swiper-wrapper elementor-slides\">\n\t\t\t\t\t\t\t\t\t\t<div class=\"elementor-repeater-item-73da537 swiper-slide\"><div class=\"swiper-slide-bg\"><\/div><div class=\"swiper-slide-inner\" ><div class=\"swiper-slide-contents\"><\/div><\/div><\/div><div class=\"elementor-repeater-item-009b75b swiper-slide\"><div class=\"swiper-slide-bg\"><\/div><div class=\"swiper-slide-inner\" ><div class=\"swiper-slide-contents\"><\/div><\/div><\/div><div class=\"elementor-repeater-item-4e631b1 swiper-slide\"><div class=\"swiper-slide-bg\"><\/div><div class=\"swiper-slide-inner\" ><div class=\"swiper-slide-contents\"><\/div><\/div><\/div><div class=\"elementor-repeater-item-433a67c swiper-slide\"><div class=\"swiper-slide-bg\"><\/div><div class=\"swiper-slide-inner\" ><div class=\"swiper-slide-contents\"><\/div><\/div><\/div><div class=\"elementor-repeater-item-b82f77f swiper-slide\"><div class=\"swiper-slide-bg\"><\/div><div class=\"swiper-slide-inner\" ><div class=\"swiper-slide-contents\"><\/div><\/div><\/div>\t\t\t\t<\/div>\n\t\t\t\t\t\t\t\t\t\t\t\t\t\t\t<div class=\"swiper-pagination\"><\/div>\n\t\t\t\t\t\t\t\t\t\t\t\t\t\t\t\t<div class=\"elementor-swiper-button elementor-swiper-button-prev\">\n\t\t\t\t\t\t\t<i aria-hidden=\"true\" class=\"eicon-chevron-left\"><\/i>\t\t\t\t\t\t\t<span class=\"elementor-screen-only\">Pr\u00e9c\u00e9dent<\/span>\n\t\t\t\t\t\t<\/div>\n\t\t\t\t\t\t<div class=\"elementor-swiper-button elementor-swiper-button-next\">\n\t\t\t\t\t\t\t<i aria-hidden=\"true\" class=\"eicon-chevron-right\"><\/i>\t\t\t\t\t\t\t<span class=\"elementor-screen-only\">Suivant<\/span>\n\t\t\t\t\t\t<\/div>\n\t\t\t\t\t\t\t\t\t\t\t\t<\/div>\n\t\t<\/div>\n\t\t\t\t<\/div>\n\t\t\t\t<\/div>\n\t\t\t\t\t\t<\/div>\n\t\t\t\t\t<\/div>\n\t\t<\/div>\n\t\t\t\t\t\t\t\t<\/div>\n\t\t\t\t\t<\/div>\n\t\t<\/section>\n\t\t\t\t\t\t<\/div>\n\t\t\t\t\t\t<\/div>\n\t\t\t\t\t<\/div>","protected":false},"excerpt":{"rendered":"<p>QUALIT\u00c4T Um die hohe Qualit\u00e4t und Reinheit der YUNNAN Tees noch einmal zu steigern, hat die Firma \u201eYUNNAN ChangNingHong Tea\u201c damit begonnen, ihre Teeg\u00e4rten auf \u00f6kologischen Landbau umzustellen. Der Teegarten \u201eJi Fei Village\u201c liegt im Westen YUNNANS nahe der Grenze zu Myanmar. In diesem abgelegenen Hochlandgebiet wurde nachweislich schon seit 30 Jahren biologisch gewirtschaftet. Die [&hellip;]<\/p>","protected":false},"author":1,"featured_media":0,"parent":0,"menu_order":0,"comment_status":"closed","ping_status":"closed","template":"","meta":[],"_links":{"self":[{"href":"https:\/\/yunnantea.eu\/fr\/wp-json\/wp\/v2\/pages\/26"}],"collection":[{"href":"https:\/\/yunnantea.eu\/fr\/wp-json\/wp\/v2\/pages"}],"about":[{"href":"https:\/\/yunnantea.eu\/fr\/wp-json\/wp\/v2\/types\/page"}],"author":[{"embeddable":true,"href":"https:\/\/yunnantea.eu\/fr\/wp-json\/wp\/v2\/users\/1"}],"replies":[{"embeddable":true,"href":"https:\/\/yunnantea.eu\/fr\/wp-json\/wp\/v2\/comments?post=26"}],"version-history":[{"count":19,"href":"https:\/\/yunnantea.eu\/fr\/wp-json\/wp\/v2\/pages\/26\/revisions"}],"predecessor-version":[{"id":452,"href":"https:\/\/yunnantea.eu\/fr\/wp-json\/wp\/v2\/pages\/26\/revisions\/452"}],"wp:attachment":[{"href":"https:\/\/yunnantea.eu\/fr\/wp-json\/wp\/v2\/media?parent=26"}],"curies":[{"name":"wp","href":"https:\/\/api.w.org\/{rel}","templated":true}]}}