{"id":86,"date":"2020-09-07T18:27:40","date_gmt":"2020-09-07T16:27:40","guid":{"rendered":"http:\/\/yunnantea.eu\/?page_id=86"},"modified":"2020-10-14T09:10:31","modified_gmt":"2020-10-14T07:10:31","slug":"schwarzer-tee","status":"publish","type":"page","link":"https:\/\/yunnantea.eu\/fr\/schwarzer-tee\/","title":{"rendered":"Schwarzer Tee"},"content":{"rendered":"<div data-elementor-type=\"wp-page\" data-elementor-id=\"86\" class=\"elementor elementor-86\" data-elementor-settings=\"[]\">\n\t\t\t\t\t\t<div class=\"elementor-inner\">\n\t\t\t\t\t\t\t<div class=\"elementor-section-wrap\">\n\t\t\t\t\t\t\t<section class=\"elementor-section elementor-top-section elementor-element elementor-element-7159f3c5 elementor-section-boxed elementor-section-height-default elementor-section-height-default\" data-id=\"7159f3c5\" data-element_type=\"section\">\n\t\t\t\t\t\t<div class=\"elementor-container elementor-column-gap-default\">\n\t\t\t\t\t\t\t<div class=\"elementor-row\">\n\t\t\t\t\t<div class=\"elementor-column elementor-col-100 elementor-top-column elementor-element elementor-element-7de25efb\" data-id=\"7de25efb\" data-element_type=\"column\">\n\t\t\t<div class=\"elementor-column-wrap elementor-element-populated\">\n\t\t\t\t\t\t\t<div class=\"elementor-widget-wrap\">\n\t\t\t\t\t\t<div class=\"elementor-element elementor-element-659c960a elementor-widget elementor-widget-heading\" data-id=\"659c960a\" data-element_type=\"widget\" data-widget_type=\"heading.default\">\n\t\t\t\t<div class=\"elementor-widget-container\">\n\t\t\t<h2 class=\"elementor-heading-title elementor-size-default\">LE THE NOIR BIO DU YUNNAN<\/h2>\t\t<\/div>\n\t\t\t\t<\/div>\n\t\t\t\t\t\t<\/div>\n\t\t\t\t\t<\/div>\n\t\t<\/div>\n\t\t\t\t\t\t\t\t<\/div>\n\t\t\t\t\t<\/div>\n\t\t<\/section>\n\t\t\t\t<section class=\"elementor-section elementor-top-section elementor-element elementor-element-de4d4a5 elementor-section-boxed elementor-section-height-default elementor-section-height-default\" data-id=\"de4d4a5\" data-element_type=\"section\">\n\t\t\t\t\t\t<div class=\"elementor-container elementor-column-gap-default\">\n\t\t\t\t\t\t\t<div class=\"elementor-row\">\n\t\t\t\t\t<div class=\"elementor-column elementor-col-50 elementor-top-column elementor-element elementor-element-4e914ec\" data-id=\"4e914ec\" data-element_type=\"column\">\n\t\t\t<div class=\"elementor-column-wrap elementor-element-populated\">\n\t\t\t\t\t\t\t<div class=\"elementor-widget-wrap\">\n\t\t\t\t\t\t<div class=\"elementor-element elementor-element-b5a985b elementor-widget elementor-widget-image\" data-id=\"b5a985b\" data-element_type=\"widget\" data-widget_type=\"image.default\">\n\t\t\t\t<div class=\"elementor-widget-container\">\n\t\t\t\t\t\t\t\t<div class=\"elementor-image\">\n\t\t\t\t\t\t\t\t\t\t\t\t<img src=\"https:\/\/yunnantea.eu\/wp-content\/uploads\/elementor\/thumbs\/Schwarzer_Tee_frei_02-ovw98v4y2xc0ikh38ts5vq7juurj76dhoidvhjas9g.png\" title=\"Schwarzer_Tee_frei_02\" alt=\"Schwarzer_Tee_frei_02\" \/>\t\t\t\t\t\t\t\t\t\t\t\t\t\t<\/div>\n\t\t\t\t\t\t<\/div>\n\t\t\t\t<\/div>\n\t\t\t\t\t\t<\/div>\n\t\t\t\t\t<\/div>\n\t\t<\/div>\n\t\t\t\t<div class=\"elementor-column elementor-col-50 elementor-top-column elementor-element elementor-element-8eb835c\" data-id=\"8eb835c\" data-element_type=\"column\">\n\t\t\t<div class=\"elementor-column-wrap elementor-element-populated\">\n\t\t\t\t\t\t\t<div class=\"elementor-widget-wrap\">\n\t\t\t\t\t\t<div class=\"elementor-element elementor-element-0fd134b elementor-widget elementor-widget-text-editor\" data-id=\"0fd134b\" data-element_type=\"widget\" data-widget_type=\"text-editor.default\">\n\t\t\t\t<div class=\"elementor-widget-container\">\n\t\t\t\t\t\t\t\t<div class=\"elementor-text-editor elementor-clearfix\">\n\t\t\t\t<p>Le th\u00e9 noir du YUNNAN est un des grands classiques du th\u00e9. C\u2019est un th\u00e9 pur \u00e0 grandes feuilles issu de l\u2019agriculture biologique certifi\u00e9e. C\u2019est un th\u00e9 premium \u00e9labor\u00e9 soigneusement \u00e0 partir de feuilles de couleur vert-jade et beaucoup de bourgeons dor\u00e9s. De robe rouge-grenat en tasse, son ar\u00f4me mystique et sa saveur subtilement douce et aromatique comble les plus hautes exigences des amateurs de th\u00e9. Notre th\u00e9 est un r\u00e9v\u00e9lateur de bonnes \u00e9motions qui produit, lorsque vous le d\u00e9gustez, plaisir, bonheur et s\u00e9r\u00e9nit\u00e9 bienveillante.<\/p><p>\u00a0<\/p><p>Art. EB 901 \/ 75 g<\/p>\t\t\t\t\t<\/div>\n\t\t\t\t\t\t<\/div>\n\t\t\t\t<\/div>\n\t\t\t\t\t\t<\/div>\n\t\t\t\t\t<\/div>\n\t\t<\/div>\n\t\t\t\t\t\t\t\t<\/div>\n\t\t\t\t\t<\/div>\n\t\t<\/section>\n\t\t\t\t<section class=\"elementor-section elementor-top-section elementor-element elementor-element-90cc15e elementor-section-boxed elementor-section-height-default elementor-section-height-default\" data-id=\"90cc15e\" data-element_type=\"section\">\n\t\t\t\t\t\t<div class=\"elementor-container elementor-column-gap-default\">\n\t\t\t\t\t\t\t<div class=\"elementor-row\">\n\t\t\t\t\t<div class=\"elementor-column elementor-col-50 elementor-top-column elementor-element elementor-element-c68d36f\" data-id=\"c68d36f\" data-element_type=\"column\">\n\t\t\t<div class=\"elementor-column-wrap elementor-element-populated\">\n\t\t\t\t\t\t\t<div class=\"elementor-widget-wrap\">\n\t\t\t\t\t\t<div class=\"elementor-element elementor-element-acd347f elementor-widget elementor-widget-heading\" data-id=\"acd347f\" data-element_type=\"widget\" data-widget_type=\"heading.default\">\n\t\t\t\t<div class=\"elementor-widget-container\">\n\t\t\t<h3 class=\"elementor-heading-title elementor-size-default\">LA PREPARATION<\/h3>\t\t<\/div>\n\t\t\t\t<\/div>\n\t\t\t\t\t\t<\/div>\n\t\t\t\t\t<\/div>\n\t\t<\/div>\n\t\t\t\t<div class=\"elementor-column elementor-col-50 elementor-top-column elementor-element elementor-element-d95ba6e\" data-id=\"d95ba6e\" data-element_type=\"column\">\n\t\t\t<div class=\"elementor-column-wrap\">\n\t\t\t\t\t\t\t<div class=\"elementor-widget-wrap\">\n\t\t\t\t\t\t\t\t<\/div>\n\t\t\t\t\t<\/div>\n\t\t<\/div>\n\t\t\t\t\t\t\t\t<\/div>\n\t\t\t\t\t<\/div>\n\t\t<\/section>\n\t\t\t\t<section class=\"elementor-section elementor-top-section elementor-element elementor-element-3e3d614e elementor-section-content-top elementor-section-boxed elementor-section-height-default elementor-section-height-default\" data-id=\"3e3d614e\" data-element_type=\"section\">\n\t\t\t\t\t\t<div class=\"elementor-container elementor-column-gap-default\">\n\t\t\t\t\t\t\t<div class=\"elementor-row\">\n\t\t\t\t\t<div class=\"elementor-column elementor-col-50 elementor-top-column elementor-element elementor-element-b0f4e34\" data-id=\"b0f4e34\" data-element_type=\"column\">\n\t\t\t<div class=\"elementor-column-wrap elementor-element-populated\">\n\t\t\t\t\t\t\t<div class=\"elementor-widget-wrap\">\n\t\t\t\t\t\t<div class=\"elementor-element elementor-element-b42824f elementor-widget elementor-widget-text-editor\" data-id=\"b42824f\" data-element_type=\"widget\" data-widget_type=\"text-editor.default\">\n\t\t\t\t<div class=\"elementor-widget-container\">\n\t\t\t\t\t\t\t\t<div class=\"elementor-text-editor elementor-clearfix\">\n\t\t\t\t<p>Pour un bon dosage du th\u00e9 prenez pour une tasse une cuill\u00e8re-\u00e0-th\u00e9 rase ou l\u00e9g\u00e8rement bomb\u00e9e ou si vous le souhaitez plus fort, une pleine cuill\u00e8re. Portez de l\u2019eau fra\u00eeche \u00e0 \u00e9bullition et versez-la sur les feuilles. Laissez infuser 2 \u00e0 4 minutes. L\u2019ar\u00f4me subtil du th\u00e9 se d\u00e9veloppe pendant les 2 \u00e0 3 premi\u00e8res minutes, au-del\u00e0 de ce temps d\u2019infusion votre th\u00e9 sera plus tannique. Il aura plus d\u2019effets calmants mais ses ar\u00f4mes subtils seront couverts par une plus grande amertume. M\u00eame en utilisant une eau dure votre th\u00e9 du YUNNAN sera r\u00e9ussi. Il peut \u00e9galement \u00eatre servi accompagn\u00e9 de lait ou de cr\u00e8me.<\/p>\t\t\t\t\t<\/div>\n\t\t\t\t\t\t<\/div>\n\t\t\t\t<\/div>\n\t\t\t\t\t\t<\/div>\n\t\t\t\t\t<\/div>\n\t\t<\/div>\n\t\t\t\t<div class=\"elementor-column elementor-col-50 elementor-top-column elementor-element elementor-element-635911f2\" data-id=\"635911f2\" data-element_type=\"column\">\n\t\t\t<div class=\"elementor-column-wrap elementor-element-populated\">\n\t\t\t\t\t\t\t<div class=\"elementor-widget-wrap\">\n\t\t\t\t\t\t<div class=\"elementor-element elementor-element-39336f7c elementor-widget elementor-widget-image\" data-id=\"39336f7c\" data-element_type=\"widget\" data-widget_type=\"image.default\">\n\t\t\t\t<div class=\"elementor-widget-container\">\n\t\t\t\t\t\t\t\t<div class=\"elementor-image\">\n\t\t\t\t\t\t\t\t\t\t\t\t<img src=\"https:\/\/yunnantea.eu\/wp-content\/uploads\/elementor\/thumbs\/IMG_2456-scaled-ovw98v4y2xc0ikh38ts5vq7juurj76dhoidvhjarvk.jpg\" title=\"IMG_2456\" alt=\"IMG_2456\" \/>\t\t\t\t\t\t\t\t\t\t\t\t\t\t<\/div>\n\t\t\t\t\t\t<\/div>\n\t\t\t\t<\/div>\n\t\t\t\t\t\t<\/div>\n\t\t\t\t\t<\/div>\n\t\t<\/div>\n\t\t\t\t\t\t\t\t<\/div>\n\t\t\t\t\t<\/div>\n\t\t<\/section>\n\t\t\t\t\t\t<\/div>\n\t\t\t\t\t\t<\/div>\n\t\t\t\t\t<\/div>","protected":false},"excerpt":{"rendered":"<p>SCHWARZER BIO YUNNAN TEE Der Schwarze YUNNAN Tee ist einer der gro\u00dfen Klassiker in der Welt des Tees. Dieser gro\u00dfbl\u00e4ttrige, reine Tee stammt aus kontrolliert \u00f6kologischem Anbau. Es ist ein Spitzentee mit sorgf\u00e4ltig gearbeiteten Bl\u00e4ttern und vielen Goldenen Blattknospen. Seine tiefrote Tasse, sein mystisches Aroma und der leicht s\u00fc\u00dfliche und w\u00fcrzige Geschmack erf\u00fcllen die h\u00f6chsten [&hellip;]<\/p>","protected":false},"author":1,"featured_media":0,"parent":0,"menu_order":0,"comment_status":"closed","ping_status":"closed","template":"","meta":[],"_links":{"self":[{"href":"https:\/\/yunnantea.eu\/fr\/wp-json\/wp\/v2\/pages\/86"}],"collection":[{"href":"https:\/\/yunnantea.eu\/fr\/wp-json\/wp\/v2\/pages"}],"about":[{"href":"https:\/\/yunnantea.eu\/fr\/wp-json\/wp\/v2\/types\/page"}],"author":[{"embeddable":true,"href":"https:\/\/yunnantea.eu\/fr\/wp-json\/wp\/v2\/users\/1"}],"replies":[{"embeddable":true,"href":"https:\/\/yunnantea.eu\/fr\/wp-json\/wp\/v2\/comments?post=86"}],"version-history":[{"count":13,"href":"https:\/\/yunnantea.eu\/fr\/wp-json\/wp\/v2\/pages\/86\/revisions"}],"predecessor-version":[{"id":485,"href":"https:\/\/yunnantea.eu\/fr\/wp-json\/wp\/v2\/pages\/86\/revisions\/485"}],"wp:attachment":[{"href":"https:\/\/yunnantea.eu\/fr\/wp-json\/wp\/v2\/media?parent=86"}],"curies":[{"name":"wp","href":"https:\/\/api.w.org\/{rel}","templated":true}]}}