{"id":9,"date":"2020-09-03T19:36:40","date_gmt":"2020-09-03T17:36:40","guid":{"rendered":"http:\/\/yunnantea.eu\/?page_id=9"},"modified":"2021-03-08T14:25:19","modified_gmt":"2021-03-08T13:25:19","slug":"startseite","status":"publish","type":"page","link":"https:\/\/yunnantea.eu\/fr\/","title":{"rendered":"Startseite"},"content":{"rendered":"<div data-elementor-type=\"wp-page\" data-elementor-id=\"9\" class=\"elementor elementor-9\" data-elementor-settings=\"[]\">\n\t\t\t\t\t\t<div class=\"elementor-inner\">\n\t\t\t\t\t\t\t<div class=\"elementor-section-wrap\">\n\t\t\t\t\t\t\t<section class=\"elementor-section elementor-top-section elementor-element elementor-element-68fc6a1 elementor-section-boxed elementor-section-height-default elementor-section-height-default\" data-id=\"68fc6a1\" data-element_type=\"section\">\n\t\t\t\t\t\t<div class=\"elementor-container elementor-column-gap-default\">\n\t\t\t\t\t\t\t<div class=\"elementor-row\">\n\t\t\t\t\t<div class=\"elementor-column elementor-col-50 elementor-top-column elementor-element elementor-element-ff8ac65\" data-id=\"ff8ac65\" data-element_type=\"column\">\n\t\t\t<div class=\"elementor-column-wrap elementor-element-populated\">\n\t\t\t\t\t\t\t<div class=\"elementor-widget-wrap\">\n\t\t\t\t\t\t<div class=\"elementor-element elementor-element-520ea77 elementor-widget elementor-widget-image\" data-id=\"520ea77\" data-element_type=\"widget\" data-widget_type=\"image.default\">\n\t\t\t\t<div class=\"elementor-widget-container\">\n\t\t\t\t\t\t\t\t<div class=\"elementor-image\">\n\t\t\t\t\t\t\t\t\t\t\t\t<img width=\"768\" height=\"768\" src=\"https:\/\/yunnantea.eu\/wp-content\/uploads\/2020\/09\/Tasse_Startseite_01-768x768.png\" class=\"attachment-medium_large size-medium_large\" alt=\"\" loading=\"lazy\" srcset=\"https:\/\/yunnantea.eu\/wp-content\/uploads\/2020\/09\/Tasse_Startseite_01-768x768.png 768w, https:\/\/yunnantea.eu\/wp-content\/uploads\/2020\/09\/Tasse_Startseite_01-300x300.png 300w, https:\/\/yunnantea.eu\/wp-content\/uploads\/2020\/09\/Tasse_Startseite_01.png 1024w, https:\/\/yunnantea.eu\/wp-content\/uploads\/2020\/09\/Tasse_Startseite_01-150x150.png 150w\" sizes=\"(max-width: 768px) 100vw, 768px\" \/>\t\t\t\t\t\t\t\t\t\t\t\t\t\t<\/div>\n\t\t\t\t\t\t<\/div>\n\t\t\t\t<\/div>\n\t\t\t\t\t\t<\/div>\n\t\t\t\t\t<\/div>\n\t\t<\/div>\n\t\t\t\t<div class=\"elementor-column elementor-col-50 elementor-top-column elementor-element elementor-element-12843d0\" data-id=\"12843d0\" data-element_type=\"column\">\n\t\t\t<div class=\"elementor-column-wrap elementor-element-populated\">\n\t\t\t\t\t\t\t<div class=\"elementor-widget-wrap\">\n\t\t\t\t\t\t<div class=\"elementor-element elementor-element-911097a elementor-widget elementor-widget-text-editor\" data-id=\"911097a\" data-element_type=\"widget\" data-widget_type=\"text-editor.default\">\n\t\t\t\t<div class=\"elementor-widget-container\">\n\t\t\t\t\t\t\t\t<div class=\"elementor-text-editor elementor-clearfix\">\n\t\t\t\t<p style=\"text-align: center;\" class=\" translation-block\">Le th\u00e9 du Yunnan allie qualit\u00e9 et puret\u00e9\nexceptionnelles avec un puissant effet\ntonique. Notre th\u00e9 est un activateur de\nbonnes \u00e9motions produisant chez\nl\u2019amateur lors de la d\u00e9gustation plaisir,\nbonheur et s\u00e9r\u00e9nit\u00e9 bienveillante. Ce th\u00e9\nsymbolise la paix et chaque feuille en\nincarne l\u2019essence.<\/p>\t\t\t\t\t<\/div>\n\t\t\t\t\t\t<\/div>\n\t\t\t\t<\/div>\n\t\t\t\t\t\t<\/div>\n\t\t\t\t\t<\/div>\n\t\t<\/div>\n\t\t\t\t\t\t\t\t<\/div>\n\t\t\t\t\t<\/div>\n\t\t<\/section>\n\t\t\t\t\t\t<\/div>\n\t\t\t\t\t\t<\/div>\n\t\t\t\t\t<\/div>","protected":false},"excerpt":{"rendered":"<p class=\" translation-block\">Le th\u00e9 du Yunnan allie qualit\u00e9 et puret\u00e9\nexceptionnelles avec un puissant effet\ntonique. Notre th\u00e9 est un activateur de\nbonnes \u00e9motions produisant chez\nl\u2019amateur lors de la d\u00e9gustation plaisir,\nbonheur et s\u00e9r\u00e9nit\u00e9 bienveillante. Ce th\u00e9\nsymbolise la paix et chaque feuille en\nincarne l\u2019essence.<\/p>","protected":false},"author":1,"featured_media":0,"parent":0,"menu_order":0,"comment_status":"closed","ping_status":"closed","template":"","meta":[],"_links":{"self":[{"href":"https:\/\/yunnantea.eu\/fr\/wp-json\/wp\/v2\/pages\/9"}],"collection":[{"href":"https:\/\/yunnantea.eu\/fr\/wp-json\/wp\/v2\/pages"}],"about":[{"href":"https:\/\/yunnantea.eu\/fr\/wp-json\/wp\/v2\/types\/page"}],"author":[{"embeddable":true,"href":"https:\/\/yunnantea.eu\/fr\/wp-json\/wp\/v2\/users\/1"}],"replies":[{"embeddable":true,"href":"https:\/\/yunnantea.eu\/fr\/wp-json\/wp\/v2\/comments?post=9"}],"version-history":[{"count":16,"href":"https:\/\/yunnantea.eu\/fr\/wp-json\/wp\/v2\/pages\/9\/revisions"}],"predecessor-version":[{"id":502,"href":"https:\/\/yunnantea.eu\/fr\/wp-json\/wp\/v2\/pages\/9\/revisions\/502"}],"wp:attachment":[{"href":"https:\/\/yunnantea.eu\/fr\/wp-json\/wp\/v2\/media?parent=9"}],"curies":[{"name":"wp","href":"https:\/\/api.w.org\/{rel}","templated":true}]}}