{"id":24,"date":"2020-09-06T14:11:03","date_gmt":"2020-09-06T12:11:03","guid":{"rendered":"http:\/\/yunnantea.eu\/?page_id=24"},"modified":"2020-10-07T10:07:55","modified_gmt":"2020-10-07T08:07:55","slug":"der-tee","status":"publish","type":"page","link":"https:\/\/yunnantea.eu\/pl\/der-tee\/","title":{"rendered":"HERBATA"},"content":{"rendered":"<div data-elementor-type=\"wp-page\" data-elementor-id=\"24\" class=\"elementor elementor-24\" data-elementor-settings=\"[]\">\n\t\t\t\t\t\t<div class=\"elementor-inner\">\n\t\t\t\t\t\t\t<div class=\"elementor-section-wrap\">\n\t\t\t\t\t\t\t<section class=\"elementor-section elementor-top-section elementor-element elementor-element-87943d3 elementor-section-boxed elementor-section-height-default elementor-section-height-default\" data-id=\"87943d3\" data-element_type=\"section\">\n\t\t\t\t\t\t<div class=\"elementor-container elementor-column-gap-default\">\n\t\t\t\t\t\t\t<div class=\"elementor-row\">\n\t\t\t\t\t<div class=\"elementor-column elementor-col-100 elementor-top-column elementor-element elementor-element-cfaf135\" data-id=\"cfaf135\" data-element_type=\"column\">\n\t\t\t<div class=\"elementor-column-wrap elementor-element-populated\">\n\t\t\t\t\t\t\t<div class=\"elementor-widget-wrap\">\n\t\t\t\t\t\t<div class=\"elementor-element elementor-element-cdcb097 elementor-widget elementor-widget-heading\" data-id=\"cdcb097\" data-element_type=\"widget\" data-widget_type=\"heading.default\">\n\t\t\t\t<div class=\"elementor-widget-container\">\n\t\t\t<h2 class=\"elementor-heading-title elementor-size-default\">HERBATA<\/h2>\t\t<\/div>\n\t\t\t\t<\/div>\n\t\t\t\t\t\t<\/div>\n\t\t\t\t\t<\/div>\n\t\t<\/div>\n\t\t\t\t\t\t\t\t<\/div>\n\t\t\t\t\t<\/div>\n\t\t<\/section>\n\t\t\t\t<section class=\"elementor-section elementor-top-section elementor-element elementor-element-1516d6e5 elementor-section-boxed elementor-section-height-default elementor-section-height-default\" data-id=\"1516d6e5\" data-element_type=\"section\">\n\t\t\t\t\t\t<div class=\"elementor-container elementor-column-gap-default\">\n\t\t\t\t\t\t\t<div class=\"elementor-row\">\n\t\t\t\t\t<div class=\"elementor-column elementor-col-50 elementor-top-column elementor-element elementor-element-2c5608be\" data-id=\"2c5608be\" data-element_type=\"column\">\n\t\t\t<div class=\"elementor-column-wrap elementor-element-populated\">\n\t\t\t\t\t\t\t<div class=\"elementor-widget-wrap\">\n\t\t\t\t\t\t<div class=\"elementor-element elementor-element-79e67ff3 elementor-widget elementor-widget-image\" data-id=\"79e67ff3\" data-element_type=\"widget\" data-widget_type=\"image.default\">\n\t\t\t\t<div class=\"elementor-widget-container\">\n\t\t\t\t\t\t\t\t<div class=\"elementor-image\">\n\t\t\t\t\t\t\t\t\t\t\t\t<img width=\"800\" height=\"600\" src=\"https:\/\/yunnantea.eu\/wp-content\/uploads\/2020\/09\/DER-TEE-1-1024x768.jpg\" class=\"attachment-large size-large\" alt=\"\" loading=\"lazy\" srcset=\"https:\/\/yunnantea.eu\/wp-content\/uploads\/2020\/09\/DER-TEE-1-1024x768.jpg 1024w, https:\/\/yunnantea.eu\/wp-content\/uploads\/2020\/09\/DER-TEE-1-300x225.jpg 300w, https:\/\/yunnantea.eu\/wp-content\/uploads\/2020\/09\/DER-TEE-1-768x576.jpg 768w, https:\/\/yunnantea.eu\/wp-content\/uploads\/2020\/09\/DER-TEE-1-1536x1152.jpg 1536w, https:\/\/yunnantea.eu\/wp-content\/uploads\/2020\/09\/DER-TEE-1-2048x1536.jpg 2048w\" sizes=\"(max-width: 800px) 100vw, 800px\" \/>\t\t\t\t\t\t\t\t\t\t\t\t\t\t<\/div>\n\t\t\t\t\t\t<\/div>\n\t\t\t\t<\/div>\n\t\t\t\t\t\t<\/div>\n\t\t\t\t\t<\/div>\n\t\t<\/div>\n\t\t\t\t<div class=\"elementor-column elementor-col-50 elementor-top-column elementor-element elementor-element-310bd2e\" data-id=\"310bd2e\" data-element_type=\"column\">\n\t\t\t<div class=\"elementor-column-wrap elementor-element-populated\">\n\t\t\t\t\t\t\t<div class=\"elementor-widget-wrap\">\n\t\t\t\t\t\t<div class=\"elementor-element elementor-element-3595342f elementor-widget elementor-widget-text-editor\" data-id=\"3595342f\" data-element_type=\"widget\" data-widget_type=\"text-editor.default\">\n\t\t\t\t<div class=\"elementor-widget-container\">\n\t\t\t\t\t\t\t\t<div class=\"elementor-text-editor elementor-clearfix\">\n\t\t\t\t<p>Jak m\u00f3wi legenda, pi\u0119\u0107 tysi\u0119cy lat temu na wy\u017cynie YUNNAN, chi\u0144ski cesarz Chen Nung odkry\u0142 przypadkowo rado\u015b\u0107 picia herbaty. Sta\u0142o si\u0119 to za spraw\u0105 wiatru, kt\u00f3ry dmuchn\u0105\u0142 kilka listk\u00f3w z drzewa herbacianego do fili\u017canki wype\u0142nionej gor\u0105c\u0105 wod\u0105. Woda nabra\u0142a z\u0142ocistej barwy, z fili\u017canki unosi\u0142 si\u0119 wspania\u0142y aromat. Cesarz spr\u00f3bowa\u0142 tego napoju i zachwyci\u0142 si\u0119 jego wy\u015bmienitym smakiem i pobudzaj\u0105cym dzia\u0142aniem.<\/p>\t\t\t\t\t<\/div>\n\t\t\t\t\t\t<\/div>\n\t\t\t\t<\/div>\n\t\t\t\t\t\t<\/div>\n\t\t\t\t\t<\/div>\n\t\t<\/div>\n\t\t\t\t\t\t\t\t<\/div>\n\t\t\t\t\t<\/div>\n\t\t<\/section>\n\t\t\t\t<section class=\"elementor-section elementor-top-section elementor-element elementor-element-5dd6df7 elementor-section-boxed elementor-section-height-default elementor-section-height-default\" data-id=\"5dd6df7\" data-element_type=\"section\">\n\t\t\t\t\t\t<div class=\"elementor-container elementor-column-gap-default\">\n\t\t\t\t\t\t\t<div class=\"elementor-row\">\n\t\t\t\t\t<div class=\"elementor-column elementor-col-50 elementor-top-column elementor-element elementor-element-9eef7d1\" data-id=\"9eef7d1\" data-element_type=\"column\">\n\t\t\t<div class=\"elementor-column-wrap elementor-element-populated\">\n\t\t\t\t\t\t\t<div class=\"elementor-widget-wrap\">\n\t\t\t\t\t\t<div class=\"elementor-element elementor-element-e39ff08 elementor-widget elementor-widget-text-editor\" data-id=\"e39ff08\" data-element_type=\"widget\" data-widget_type=\"text-editor.default\">\n\t\t\t\t<div class=\"elementor-widget-container\">\n\t\t\t\t\t\t\t\t<div class=\"elementor-text-editor elementor-clearfix\">\n\t\t\t\t<p>Udowodniono, \u017ce w prowincji YUNNAN herbata jest uprawiana i kultywowana od 1700 lat. Ogrody herbaciane po\u0142o\u017cone s\u0105 tam na wysoko\u015bci od 1200 do 2000 m, w g\u00f3rach otoczonymi chmurami. To w\u0142a\u015bnie tam panuj\u0105 idealne warunki do uprawy herbaty: \u017cyzna ziemia, \u0142agodny klimat subtropikalny, czyste i klarowne powietrze, obfite opady deszczu. Krzewy i drzewa herbaciane w prowincji YUNNAN maj\u0105 du\u017ce, mi\u0119kkie i delikatne li\u015bcie posiadaj\u0105ce wiele cennych sk\u0142adnik\u00f3w.<\/p>\t\t\t\t\t<\/div>\n\t\t\t\t\t\t<\/div>\n\t\t\t\t<\/div>\n\t\t\t\t\t\t<\/div>\n\t\t\t\t\t<\/div>\n\t\t<\/div>\n\t\t\t\t<div class=\"elementor-column elementor-col-50 elementor-top-column elementor-element elementor-element-2ad8c37\" data-id=\"2ad8c37\" data-element_type=\"column\">\n\t\t\t<div class=\"elementor-column-wrap elementor-element-populated\">\n\t\t\t\t\t\t\t<div class=\"elementor-widget-wrap\">\n\t\t\t\t\t\t<div class=\"elementor-element elementor-element-3e27109 elementor-widget elementor-widget-image\" data-id=\"3e27109\" data-element_type=\"widget\" data-widget_type=\"image.default\">\n\t\t\t\t<div class=\"elementor-widget-container\">\n\t\t\t\t\t\t\t\t<div class=\"elementor-image\">\n\t\t\t\t\t\t\t\t\t\t\t\t<img width=\"800\" height=\"600\" src=\"https:\/\/yunnantea.eu\/wp-content\/uploads\/2020\/09\/DER-TEE-4-1024x768.jpg\" class=\"attachment-large size-large\" alt=\"\" loading=\"lazy\" srcset=\"https:\/\/yunnantea.eu\/wp-content\/uploads\/2020\/09\/DER-TEE-4-1024x768.jpg 1024w, https:\/\/yunnantea.eu\/wp-content\/uploads\/2020\/09\/DER-TEE-4-300x225.jpg 300w, https:\/\/yunnantea.eu\/wp-content\/uploads\/2020\/09\/DER-TEE-4-768x576.jpg 768w, https:\/\/yunnantea.eu\/wp-content\/uploads\/2020\/09\/DER-TEE-4-1536x1152.jpg 1536w, https:\/\/yunnantea.eu\/wp-content\/uploads\/2020\/09\/DER-TEE-4-2048x1536.jpg 2048w\" sizes=\"(max-width: 800px) 100vw, 800px\" \/>\t\t\t\t\t\t\t\t\t\t\t\t\t\t<\/div>\n\t\t\t\t\t\t<\/div>\n\t\t\t\t<\/div>\n\t\t\t\t\t\t<\/div>\n\t\t\t\t\t<\/div>\n\t\t<\/div>\n\t\t\t\t\t\t\t\t<\/div>\n\t\t\t\t\t<\/div>\n\t\t<\/section>\n\t\t\t\t<section class=\"elementor-section elementor-top-section elementor-element elementor-element-7ee6218 elementor-section-boxed elementor-section-height-default elementor-section-height-default\" data-id=\"7ee6218\" data-element_type=\"section\">\n\t\t\t\t\t\t<div class=\"elementor-container elementor-column-gap-default\">\n\t\t\t\t\t\t\t<div class=\"elementor-row\">\n\t\t\t\t\t<div class=\"elementor-column elementor-col-50 elementor-top-column elementor-element elementor-element-d7a121e\" data-id=\"d7a121e\" data-element_type=\"column\">\n\t\t\t<div class=\"elementor-column-wrap elementor-element-populated\">\n\t\t\t\t\t\t\t<div class=\"elementor-widget-wrap\">\n\t\t\t\t\t\t<div class=\"elementor-element elementor-element-e026509 elementor-widget elementor-widget-image\" data-id=\"e026509\" data-element_type=\"widget\" data-widget_type=\"image.default\">\n\t\t\t\t<div class=\"elementor-widget-container\">\n\t\t\t\t\t\t\t\t<div class=\"elementor-image\">\n\t\t\t\t\t\t\t\t\t\t\t\t<img width=\"800\" height=\"600\" src=\"https:\/\/yunnantea.eu\/wp-content\/uploads\/2020\/09\/DER-TEE-8-1024x768.jpg\" class=\"attachment-large size-large\" alt=\"\" loading=\"lazy\" srcset=\"https:\/\/yunnantea.eu\/wp-content\/uploads\/2020\/09\/DER-TEE-8-1024x768.jpg 1024w, https:\/\/yunnantea.eu\/wp-content\/uploads\/2020\/09\/DER-TEE-8-300x225.jpg 300w, https:\/\/yunnantea.eu\/wp-content\/uploads\/2020\/09\/DER-TEE-8-768x576.jpg 768w, https:\/\/yunnantea.eu\/wp-content\/uploads\/2020\/09\/DER-TEE-8-1536x1152.jpg 1536w, https:\/\/yunnantea.eu\/wp-content\/uploads\/2020\/09\/DER-TEE-8-2048x1536.jpg 2048w\" sizes=\"(max-width: 800px) 100vw, 800px\" \/>\t\t\t\t\t\t\t\t\t\t\t\t\t\t<\/div>\n\t\t\t\t\t\t<\/div>\n\t\t\t\t<\/div>\n\t\t\t\t\t\t<\/div>\n\t\t\t\t\t<\/div>\n\t\t<\/div>\n\t\t\t\t<div class=\"elementor-column elementor-col-50 elementor-top-column elementor-element elementor-element-942cf54\" data-id=\"942cf54\" data-element_type=\"column\">\n\t\t\t<div class=\"elementor-column-wrap elementor-element-populated\">\n\t\t\t\t\t\t\t<div class=\"elementor-widget-wrap\">\n\t\t\t\t\t\t<div class=\"elementor-element elementor-element-b798e78 elementor-widget elementor-widget-text-editor\" data-id=\"b798e78\" data-element_type=\"widget\" data-widget_type=\"text-editor.default\">\n\t\t\t\t<div class=\"elementor-widget-container\">\n\t\t\t\t\t\t\t\t<div class=\"elementor-text-editor elementor-clearfix\">\n\t\t\t\t<p>Wszystkie rodzaje herbat, czarna, zielona, czerwona (Pu-Erh), a tak\u017ce \u017c\u00f3\u0142ta i bia\u0142a pochodz\u0105 z li\u015bci tego samego krzewu herbacianego \u201eCamellia Sinensis\u201d, r\u00f3\u017cni\u0105 si\u0119 natomiast sposobem przetwarzania. W prowincji YUNNAN produkowane s\u0105 najwy\u017cszej jako\u015bci wszystkie te gatunki herbat.<\/p>\t\t\t\t\t<\/div>\n\t\t\t\t\t\t<\/div>\n\t\t\t\t<\/div>\n\t\t\t\t\t\t<\/div>\n\t\t\t\t\t<\/div>\n\t\t<\/div>\n\t\t\t\t\t\t\t\t<\/div>\n\t\t\t\t\t<\/div>\n\t\t<\/section>\n\t\t\t\t<section class=\"elementor-section elementor-top-section elementor-element elementor-element-73beb672 elementor-section-boxed elementor-section-height-default elementor-section-height-default\" data-id=\"73beb672\" data-element_type=\"section\">\n\t\t\t\t\t\t<div class=\"elementor-container elementor-column-gap-default\">\n\t\t\t\t\t\t\t<div class=\"elementor-row\">\n\t\t\t\t\t<div class=\"elementor-column elementor-col-100 elementor-top-column elementor-element elementor-element-786bb701\" data-id=\"786bb701\" data-element_type=\"column\">\n\t\t\t<div class=\"elementor-column-wrap elementor-element-populated\">\n\t\t\t\t\t\t\t<div class=\"elementor-widget-wrap\">\n\t\t\t\t\t\t<div class=\"elementor-element elementor-element-1f378553 elementor--h-position-center elementor--v-position-middle elementor-arrows-position-inside elementor-pagination-position-inside elementor-widget elementor-widget-slides\" data-id=\"1f378553\" data-element_type=\"widget\" data-settings=\"{&quot;navigation&quot;:&quot;both&quot;,&quot;autoplay&quot;:&quot;yes&quot;,&quot;pause_on_interaction&quot;:&quot;yes&quot;,&quot;autoplay_speed&quot;:5000,&quot;infinite&quot;:&quot;yes&quot;,&quot;transition&quot;:&quot;slide&quot;,&quot;transition_speed&quot;:500}\" data-widget_type=\"slides.default\">\n\t\t\t\t<div class=\"elementor-widget-container\">\n\t\t\t\t\t<div class=\"elementor-swiper\">\n\t\t\t<div class=\"elementor-slides-wrapper elementor-main-swiper swiper-container\" dir=\"ltr\" data-animation=\"fadeInUp\">\n\t\t\t\t<div class=\"swiper-wrapper elementor-slides\">\n\t\t\t\t\t\t\t\t\t\t<div class=\"elementor-repeater-item-a7a9124 swiper-slide\"><div class=\"swiper-slide-bg\"><\/div><div class=\"swiper-slide-inner\" ><div class=\"swiper-slide-contents\"><\/div><\/div><\/div><div class=\"elementor-repeater-item-d965a0e swiper-slide\"><div class=\"swiper-slide-bg\"><\/div><div class=\"swiper-slide-inner\" ><div class=\"swiper-slide-contents\"><\/div><\/div><\/div><div class=\"elementor-repeater-item-73da537 swiper-slide\"><div class=\"swiper-slide-bg\"><\/div><div class=\"swiper-slide-inner\" ><div class=\"swiper-slide-contents\"><\/div><\/div><\/div><div class=\"elementor-repeater-item-e59ab0c swiper-slide\"><div class=\"swiper-slide-bg\"><\/div><div class=\"swiper-slide-inner\" ><div class=\"swiper-slide-contents\"><\/div><\/div><\/div><div class=\"elementor-repeater-item-009b75b swiper-slide\"><div class=\"swiper-slide-bg\"><\/div><div class=\"swiper-slide-inner\" ><div class=\"swiper-slide-contents\"><\/div><\/div><\/div>\t\t\t\t<\/div>\n\t\t\t\t\t\t\t\t\t\t\t\t\t\t\t<div class=\"swiper-pagination\"><\/div>\n\t\t\t\t\t\t\t\t\t\t\t\t\t\t\t\t<div class=\"elementor-swiper-button elementor-swiper-button-prev\">\n\t\t\t\t\t\t\t<i aria-hidden=\"true\" class=\"eicon-chevron-left\"><\/i>\t\t\t\t\t\t\t<span class=\"elementor-screen-only\">Poprzedni<\/span>\n\t\t\t\t\t\t<\/div>\n\t\t\t\t\t\t<div class=\"elementor-swiper-button elementor-swiper-button-next\">\n\t\t\t\t\t\t\t<i aria-hidden=\"true\" class=\"eicon-chevron-right\"><\/i>\t\t\t\t\t\t\t<span class=\"elementor-screen-only\">Nast\u0119pny<\/span>\n\t\t\t\t\t\t<\/div>\n\t\t\t\t\t\t\t\t\t\t\t\t<\/div>\n\t\t<\/div>\n\t\t\t\t<\/div>\n\t\t\t\t<\/div>\n\t\t\t\t\t\t<\/div>\n\t\t\t\t\t<\/div>\n\t\t<\/div>\n\t\t\t\t\t\t\t\t<\/div>\n\t\t\t\t\t<\/div>\n\t\t<\/section>\n\t\t\t\t\t\t<\/div>\n\t\t\t\t\t\t<\/div>\n\t\t\t\t\t<\/div>","protected":false},"excerpt":{"rendered":"<p>TEEKULTUR Im Hochland von YUNNAN hat der Legende nach der Chinesische Kaiser Chen Nung, vor rund 5000 Jahren, die Freuden des Teetrinkens entdeckt, als ein Windsto\u00df ein paar Bl\u00e4tter eines Teebaums in seine Trinkschale mit hei\u00dfem Wasser blies. Das Wasser f\u00e4rbte sich golden und ein herrlicher Duft entstr\u00f6mte der Schale. Der Kaiser probierte den Trank [&hellip;]<\/p>","protected":false},"author":1,"featured_media":0,"parent":0,"menu_order":0,"comment_status":"closed","ping_status":"closed","template":"","meta":[],"_links":{"self":[{"href":"https:\/\/yunnantea.eu\/pl\/wp-json\/wp\/v2\/pages\/24"}],"collection":[{"href":"https:\/\/yunnantea.eu\/pl\/wp-json\/wp\/v2\/pages"}],"about":[{"href":"https:\/\/yunnantea.eu\/pl\/wp-json\/wp\/v2\/types\/page"}],"author":[{"embeddable":true,"href":"https:\/\/yunnantea.eu\/pl\/wp-json\/wp\/v2\/users\/1"}],"replies":[{"embeddable":true,"href":"https:\/\/yunnantea.eu\/pl\/wp-json\/wp\/v2\/comments?post=24"}],"version-history":[{"count":19,"href":"https:\/\/yunnantea.eu\/pl\/wp-json\/wp\/v2\/pages\/24\/revisions"}],"predecessor-version":[{"id":451,"href":"https:\/\/yunnantea.eu\/pl\/wp-json\/wp\/v2\/pages\/24\/revisions\/451"}],"wp:attachment":[{"href":"https:\/\/yunnantea.eu\/pl\/wp-json\/wp\/v2\/media?parent=24"}],"curies":[{"name":"wp","href":"https:\/\/api.w.org\/{rel}","templated":true}]}}