{"id":26,"date":"2020-09-06T14:11:21","date_gmt":"2020-09-06T12:11:21","guid":{"rendered":"http:\/\/yunnantea.eu\/?page_id=26"},"modified":"2020-10-07T10:08:22","modified_gmt":"2020-10-07T08:08:22","slug":"qualitaet","status":"publish","type":"page","link":"https:\/\/yunnantea.eu\/pl\/qualitaet\/","title":{"rendered":"Qualit\u00e4t"},"content":{"rendered":"<div data-elementor-type=\"wp-page\" data-elementor-id=\"26\" class=\"elementor elementor-26\" data-elementor-settings=\"[]\">\n\t\t\t\t\t\t<div class=\"elementor-inner\">\n\t\t\t\t\t\t\t<div class=\"elementor-section-wrap\">\n\t\t\t\t\t\t\t<section class=\"elementor-section elementor-top-section elementor-element elementor-element-221bebea elementor-section-boxed elementor-section-height-default elementor-section-height-default\" data-id=\"221bebea\" data-element_type=\"section\">\n\t\t\t\t\t\t<div class=\"elementor-container elementor-column-gap-default\">\n\t\t\t\t\t\t\t<div class=\"elementor-row\">\n\t\t\t\t\t<div class=\"elementor-column elementor-col-100 elementor-top-column elementor-element elementor-element-8b90906\" data-id=\"8b90906\" data-element_type=\"column\">\n\t\t\t<div class=\"elementor-column-wrap elementor-element-populated\">\n\t\t\t\t\t\t\t<div class=\"elementor-widget-wrap\">\n\t\t\t\t\t\t<div class=\"elementor-element elementor-element-7174d166 elementor-widget elementor-widget-heading\" data-id=\"7174d166\" data-element_type=\"widget\" data-widget_type=\"heading.default\">\n\t\t\t\t<div class=\"elementor-widget-container\">\n\t\t\t<h2 class=\"elementor-heading-title elementor-size-default\">JAKO\u015a\u0106<\/h2>\t\t<\/div>\n\t\t\t\t<\/div>\n\t\t\t\t\t\t<\/div>\n\t\t\t\t\t<\/div>\n\t\t<\/div>\n\t\t\t\t\t\t\t\t<\/div>\n\t\t\t\t\t<\/div>\n\t\t<\/section>\n\t\t\t\t<section class=\"elementor-section elementor-top-section elementor-element elementor-element-9f9ae7e elementor-section-boxed elementor-section-height-default elementor-section-height-default\" data-id=\"9f9ae7e\" data-element_type=\"section\">\n\t\t\t\t\t\t<div class=\"elementor-container elementor-column-gap-default\">\n\t\t\t\t\t\t\t<div class=\"elementor-row\">\n\t\t\t\t\t<div class=\"elementor-column elementor-col-50 elementor-top-column elementor-element elementor-element-5fc24249\" data-id=\"5fc24249\" data-element_type=\"column\">\n\t\t\t<div class=\"elementor-column-wrap elementor-element-populated\">\n\t\t\t\t\t\t\t<div class=\"elementor-widget-wrap\">\n\t\t\t\t\t\t<div class=\"elementor-element elementor-element-71e5e732 elementor-widget elementor-widget-image\" data-id=\"71e5e732\" data-element_type=\"widget\" data-widget_type=\"image.default\">\n\t\t\t\t<div class=\"elementor-widget-container\">\n\t\t\t\t\t\t\t\t<div class=\"elementor-image\">\n\t\t\t\t\t\t\t\t\t\t\t\t<img width=\"800\" height=\"530\" src=\"https:\/\/yunnantea.eu\/wp-content\/uploads\/2020\/09\/QUALITA\u0308T-1-1024x678.jpg\" class=\"attachment-large size-large\" alt=\"\" loading=\"lazy\" srcset=\"https:\/\/yunnantea.eu\/wp-content\/uploads\/2020\/09\/QUALITA\u0308T-1-1024x678.jpg 1024w, https:\/\/yunnantea.eu\/wp-content\/uploads\/2020\/09\/QUALITA\u0308T-1-300x199.jpg 300w, https:\/\/yunnantea.eu\/wp-content\/uploads\/2020\/09\/QUALITA\u0308T-1-768x509.jpg 768w, https:\/\/yunnantea.eu\/wp-content\/uploads\/2020\/09\/QUALITA\u0308T-1-1536x1017.jpg 1536w, https:\/\/yunnantea.eu\/wp-content\/uploads\/2020\/09\/QUALITA\u0308T-1-2048x1356.jpg 2048w\" sizes=\"(max-width: 800px) 100vw, 800px\" \/>\t\t\t\t\t\t\t\t\t\t\t\t\t\t<\/div>\n\t\t\t\t\t\t<\/div>\n\t\t\t\t<\/div>\n\t\t\t\t\t\t<\/div>\n\t\t\t\t\t<\/div>\n\t\t<\/div>\n\t\t\t\t<div class=\"elementor-column elementor-col-50 elementor-top-column elementor-element elementor-element-7f463ce7\" data-id=\"7f463ce7\" data-element_type=\"column\">\n\t\t\t<div class=\"elementor-column-wrap elementor-element-populated\">\n\t\t\t\t\t\t\t<div class=\"elementor-widget-wrap\">\n\t\t\t\t\t\t<div class=\"elementor-element elementor-element-272b0618 elementor-widget elementor-widget-text-editor\" data-id=\"272b0618\" data-element_type=\"widget\" data-widget_type=\"text-editor.default\">\n\t\t\t\t<div class=\"elementor-widget-container\">\n\t\t\t\t\t\t\t\t<div class=\"elementor-text-editor elementor-clearfix\">\n\t\t\t\t<p>W celu uzyskania jeszcze lepszej jako\u015bci herbat YUNNAN, przedsi\u0119biorstwo \u201eYUNNAN ChangNinghong Tea\u201d zacz\u0119\u0142o przestawia\u0107 swoje ogrody herbaciane na ekologiczne metody upraw. Herbaciany ogr\u00f3d \u201eJi Fei Village\u201d po\u0142o\u017cony jest w zachodniej cz\u0119\u015bci regionu Yunnan, niedaleko granicy z Myanmar. Na tym wy\u017cynnym, odosobnionym terenie, ju\u017c od 30 lat prowadzi si\u0119 potwierdzon\u0105, ekologiczn\u0105 gospodark\u0119. Z tego wzgl\u0119du wydanie certyfikatu przez NASAA (National Association for Sustainable Agriculture Australia) mog\u0142o nast\u0105pi\u0107 w do\u015b\u0107  kr\u00f3tkim okresie. Ponadto fabryka herbaty i jej dzia\u0142 opakowa\u0144 uzyska\u0142y certyfikaty jako BIO-EKO pod numerem \u201eCN-BIO-119\u201d.<\/p>\t\t\t\t\t<\/div>\n\t\t\t\t\t\t<\/div>\n\t\t\t\t<\/div>\n\t\t\t\t\t\t<\/div>\n\t\t\t\t\t<\/div>\n\t\t<\/div>\n\t\t\t\t\t\t\t\t<\/div>\n\t\t\t\t\t<\/div>\n\t\t<\/section>\n\t\t\t\t<section class=\"elementor-section elementor-top-section elementor-element elementor-element-ecaa7f9 elementor-section-boxed elementor-section-height-default elementor-section-height-default\" data-id=\"ecaa7f9\" data-element_type=\"section\">\n\t\t\t\t\t\t<div class=\"elementor-container elementor-column-gap-default\">\n\t\t\t\t\t\t\t<div class=\"elementor-row\">\n\t\t\t\t\t<div class=\"elementor-column elementor-col-50 elementor-top-column elementor-element elementor-element-df74123\" data-id=\"df74123\" data-element_type=\"column\">\n\t\t\t<div class=\"elementor-column-wrap elementor-element-populated\">\n\t\t\t\t\t\t\t<div class=\"elementor-widget-wrap\">\n\t\t\t\t\t\t<div class=\"elementor-element elementor-element-12968d8 elementor-widget elementor-widget-text-editor\" data-id=\"12968d8\" data-element_type=\"widget\" data-widget_type=\"text-editor.default\">\n\t\t\t\t<div class=\"elementor-widget-container\">\n\t\t\t\t\t\t\t\t<div class=\"elementor-text-editor elementor-clearfix\">\n\t\t\t\t<p>Kolejnym, wa\u017cnym celem przedsi\u0119biorstwa jest uzyskanie certyfikatu od \u201eRainforest Alliance\u201d, b\u0119d\u0105cego uznaniem rolnictwa zr\u00f3wnowa\u017conego. Du\u017ce obszary upraw herbaty posiadaj\u0105 ju\u017c odpowiedni certyfikat, nast\u0119pne ogrody herbaciane stopniowo go zdobywaj\u0105.<\/p>\t\t\t\t\t<\/div>\n\t\t\t\t\t\t<\/div>\n\t\t\t\t<\/div>\n\t\t\t\t\t\t<\/div>\n\t\t\t\t\t<\/div>\n\t\t<\/div>\n\t\t\t\t<div class=\"elementor-column elementor-col-50 elementor-top-column elementor-element elementor-element-c9b530b\" data-id=\"c9b530b\" data-element_type=\"column\">\n\t\t\t<div class=\"elementor-column-wrap elementor-element-populated\">\n\t\t\t\t\t\t\t<div class=\"elementor-widget-wrap\">\n\t\t\t\t\t\t<div class=\"elementor-element elementor-element-0b7bbc5 elementor-widget elementor-widget-image\" data-id=\"0b7bbc5\" data-element_type=\"widget\" data-widget_type=\"image.default\">\n\t\t\t\t<div class=\"elementor-widget-container\">\n\t\t\t\t\t\t\t\t<div class=\"elementor-image\">\n\t\t\t\t\t\t\t\t\t\t\t\t<img width=\"800\" height=\"600\" src=\"https:\/\/yunnantea.eu\/wp-content\/uploads\/2020\/09\/QUALITA\u0308T-3-1024x768.jpg\" class=\"attachment-large size-large\" alt=\"\" loading=\"lazy\" srcset=\"https:\/\/yunnantea.eu\/wp-content\/uploads\/2020\/09\/QUALITA\u0308T-3-1024x768.jpg 1024w, https:\/\/yunnantea.eu\/wp-content\/uploads\/2020\/09\/QUALITA\u0308T-3-300x225.jpg 300w, https:\/\/yunnantea.eu\/wp-content\/uploads\/2020\/09\/QUALITA\u0308T-3-768x576.jpg 768w, https:\/\/yunnantea.eu\/wp-content\/uploads\/2020\/09\/QUALITA\u0308T-3-1536x1152.jpg 1536w, https:\/\/yunnantea.eu\/wp-content\/uploads\/2020\/09\/QUALITA\u0308T-3-2048x1536.jpg 2048w\" sizes=\"(max-width: 800px) 100vw, 800px\" \/>\t\t\t\t\t\t\t\t\t\t\t\t\t\t<\/div>\n\t\t\t\t\t\t<\/div>\n\t\t\t\t<\/div>\n\t\t\t\t\t\t<\/div>\n\t\t\t\t\t<\/div>\n\t\t<\/div>\n\t\t\t\t\t\t\t\t<\/div>\n\t\t\t\t\t<\/div>\n\t\t<\/section>\n\t\t\t\t<section class=\"elementor-section elementor-top-section elementor-element elementor-element-8c3edef elementor-section-boxed elementor-section-height-default elementor-section-height-default\" data-id=\"8c3edef\" data-element_type=\"section\">\n\t\t\t\t\t\t<div class=\"elementor-container elementor-column-gap-default\">\n\t\t\t\t\t\t\t<div class=\"elementor-row\">\n\t\t\t\t\t<div class=\"elementor-column elementor-col-50 elementor-top-column elementor-element elementor-element-443f3ee\" data-id=\"443f3ee\" data-element_type=\"column\">\n\t\t\t<div class=\"elementor-column-wrap elementor-element-populated\">\n\t\t\t\t\t\t\t<div class=\"elementor-widget-wrap\">\n\t\t\t\t\t\t<div class=\"elementor-element elementor-element-9d3e50a elementor-widget elementor-widget-image\" data-id=\"9d3e50a\" data-element_type=\"widget\" data-widget_type=\"image.default\">\n\t\t\t\t<div class=\"elementor-widget-container\">\n\t\t\t\t\t\t\t\t<div class=\"elementor-image\">\n\t\t\t\t\t\t\t\t\t\t\t\t<img width=\"800\" height=\"600\" src=\"https:\/\/yunnantea.eu\/wp-content\/uploads\/2020\/09\/QUALITA\u0308T-6-1024x768.jpg\" class=\"attachment-large size-large\" alt=\"\" loading=\"lazy\" srcset=\"https:\/\/yunnantea.eu\/wp-content\/uploads\/2020\/09\/QUALITA\u0308T-6-1024x768.jpg 1024w, https:\/\/yunnantea.eu\/wp-content\/uploads\/2020\/09\/QUALITA\u0308T-6-300x225.jpg 300w, https:\/\/yunnantea.eu\/wp-content\/uploads\/2020\/09\/QUALITA\u0308T-6-768x576.jpg 768w, https:\/\/yunnantea.eu\/wp-content\/uploads\/2020\/09\/QUALITA\u0308T-6-1536x1152.jpg 1536w, https:\/\/yunnantea.eu\/wp-content\/uploads\/2020\/09\/QUALITA\u0308T-6-2048x1536.jpg 2048w\" sizes=\"(max-width: 800px) 100vw, 800px\" \/>\t\t\t\t\t\t\t\t\t\t\t\t\t\t<\/div>\n\t\t\t\t\t\t<\/div>\n\t\t\t\t<\/div>\n\t\t\t\t\t\t<\/div>\n\t\t\t\t\t<\/div>\n\t\t<\/div>\n\t\t\t\t<div class=\"elementor-column elementor-col-50 elementor-top-column elementor-element elementor-element-68f4c76\" data-id=\"68f4c76\" data-element_type=\"column\">\n\t\t\t<div class=\"elementor-column-wrap elementor-element-populated\">\n\t\t\t\t\t\t\t<div class=\"elementor-widget-wrap\">\n\t\t\t\t\t\t<div class=\"elementor-element elementor-element-508f694 elementor-widget elementor-widget-text-editor\" data-id=\"508f694\" data-element_type=\"widget\" data-widget_type=\"text-editor.default\">\n\t\t\t\t<div class=\"elementor-widget-container\">\n\t\t\t\t\t\t\t\t<div class=\"elementor-text-editor elementor-clearfix\">\n\t\t\t\t<p>Li\u015bcie do produkcji herbat bio, tak jak przed wiekami, zrywane s\u0105 r\u0119cznie. Obowi\u0105zuje tu zasada: two leaves and the bud (dwa najm\u0142odsze listki i delikatny p\u0105czek). W fabryce poddawane s\u0105 one nast\u0119pnie dalszej obr\u00f3bce metod\u0105 tradycyjn\u0105. Powstaj\u0105 tam wy\u0142\u0105cznie herbaty szlachetne, o du\u017cych li\u015bciach. Przed pakowaniem jako\u015b\u0107 herbaty zostaje jeszcze raz sprawdzana przez niezale\u017cne laboratorium mi\u0119dzynarodowej grupy \u201eEurofins\u201d, akredytowane przez Chi\u0144ski Urz\u0105d Kontroli (CNAS).<\/p>\t\t\t\t\t<\/div>\n\t\t\t\t\t\t<\/div>\n\t\t\t\t<\/div>\n\t\t\t\t\t\t<\/div>\n\t\t\t\t\t<\/div>\n\t\t<\/div>\n\t\t\t\t\t\t\t\t<\/div>\n\t\t\t\t\t<\/div>\n\t\t<\/section>\n\t\t\t\t<section class=\"elementor-section elementor-top-section elementor-element elementor-element-0c34663 elementor-section-boxed elementor-section-height-default elementor-section-height-default\" data-id=\"0c34663\" data-element_type=\"section\">\n\t\t\t\t\t\t<div class=\"elementor-container elementor-column-gap-default\">\n\t\t\t\t\t\t\t<div class=\"elementor-row\">\n\t\t\t\t\t<div class=\"elementor-column elementor-col-50 elementor-top-column elementor-element elementor-element-63f7df8\" data-id=\"63f7df8\" data-element_type=\"column\">\n\t\t\t<div class=\"elementor-column-wrap elementor-element-populated\">\n\t\t\t\t\t\t\t<div class=\"elementor-widget-wrap\">\n\t\t\t\t\t\t<div class=\"elementor-element elementor-element-4ea4737 elementor-widget elementor-widget-text-editor\" data-id=\"4ea4737\" data-element_type=\"widget\" data-widget_type=\"text-editor.default\">\n\t\t\t\t<div class=\"elementor-widget-container\">\n\t\t\t\t\t\t\t\t<div class=\"elementor-text-editor elementor-clearfix\">\n\t\t\t\t<p>Obecnie w ogrodzie herbacianym \u201eJi Fei Village\u201d produkowane s\u0105 herbaty zielona i czarna. Herbaty te s\u0105 tam tak\u017ce paczkowane i przygotowywane do wysy\u0142ki do Europy. W ten spos\u00f3b realizuje si\u0119 wizja ameryka\u0144skiego pioniera herbaty, Sir Liptona: \u201eFrom the tea garden to the tea pot\u201d (prosto z ogrodu herbacianego do imbryka).<\/p><p>.<\/p>\t\t\t\t\t<\/div>\n\t\t\t\t\t\t<\/div>\n\t\t\t\t<\/div>\n\t\t\t\t\t\t<\/div>\n\t\t\t\t\t<\/div>\n\t\t<\/div>\n\t\t\t\t<div class=\"elementor-column elementor-col-50 elementor-top-column elementor-element elementor-element-31f7faf\" data-id=\"31f7faf\" data-element_type=\"column\">\n\t\t\t<div class=\"elementor-column-wrap elementor-element-populated\">\n\t\t\t\t\t\t\t<div class=\"elementor-widget-wrap\">\n\t\t\t\t\t\t<div class=\"elementor-element elementor-element-92e88b5 elementor-widget elementor-widget-image\" data-id=\"92e88b5\" data-element_type=\"widget\" data-widget_type=\"image.default\">\n\t\t\t\t<div class=\"elementor-widget-container\">\n\t\t\t\t\t\t\t\t<div class=\"elementor-image\">\n\t\t\t\t\t\t\t\t\t\t\t\t<img width=\"800\" height=\"600\" src=\"https:\/\/yunnantea.eu\/wp-content\/uploads\/2020\/09\/QUALITA\u0308T-5-1024x768.jpg\" class=\"attachment-large size-large\" alt=\"\" loading=\"lazy\" srcset=\"https:\/\/yunnantea.eu\/wp-content\/uploads\/2020\/09\/QUALITA\u0308T-5-1024x768.jpg 1024w, https:\/\/yunnantea.eu\/wp-content\/uploads\/2020\/09\/QUALITA\u0308T-5-300x225.jpg 300w, https:\/\/yunnantea.eu\/wp-content\/uploads\/2020\/09\/QUALITA\u0308T-5-768x576.jpg 768w, https:\/\/yunnantea.eu\/wp-content\/uploads\/2020\/09\/QUALITA\u0308T-5-1536x1152.jpg 1536w, https:\/\/yunnantea.eu\/wp-content\/uploads\/2020\/09\/QUALITA\u0308T-5-2048x1536.jpg 2048w\" sizes=\"(max-width: 800px) 100vw, 800px\" \/>\t\t\t\t\t\t\t\t\t\t\t\t\t\t<\/div>\n\t\t\t\t\t\t<\/div>\n\t\t\t\t<\/div>\n\t\t\t\t\t\t<\/div>\n\t\t\t\t\t<\/div>\n\t\t<\/div>\n\t\t\t\t\t\t\t\t<\/div>\n\t\t\t\t\t<\/div>\n\t\t<\/section>\n\t\t\t\t<section class=\"elementor-section elementor-top-section elementor-element elementor-element-1327f07d elementor-section-boxed elementor-section-height-default elementor-section-height-default\" data-id=\"1327f07d\" data-element_type=\"section\">\n\t\t\t\t\t\t<div class=\"elementor-container elementor-column-gap-default\">\n\t\t\t\t\t\t\t<div class=\"elementor-row\">\n\t\t\t\t\t<div class=\"elementor-column elementor-col-100 elementor-top-column elementor-element elementor-element-2db6ed73\" data-id=\"2db6ed73\" data-element_type=\"column\">\n\t\t\t<div class=\"elementor-column-wrap elementor-element-populated\">\n\t\t\t\t\t\t\t<div class=\"elementor-widget-wrap\">\n\t\t\t\t\t\t<div class=\"elementor-element elementor-element-1ebf957a elementor--h-position-center elementor--v-position-middle elementor-arrows-position-inside elementor-pagination-position-inside elementor-widget elementor-widget-slides\" data-id=\"1ebf957a\" data-element_type=\"widget\" data-settings=\"{&quot;navigation&quot;:&quot;both&quot;,&quot;autoplay&quot;:&quot;yes&quot;,&quot;pause_on_interaction&quot;:&quot;yes&quot;,&quot;autoplay_speed&quot;:5000,&quot;infinite&quot;:&quot;yes&quot;,&quot;transition&quot;:&quot;slide&quot;,&quot;transition_speed&quot;:500}\" data-widget_type=\"slides.default\">\n\t\t\t\t<div class=\"elementor-widget-container\">\n\t\t\t\t\t<div class=\"elementor-swiper\">\n\t\t\t<div class=\"elementor-slides-wrapper elementor-main-swiper swiper-container\" dir=\"ltr\" data-animation=\"fadeInUp\">\n\t\t\t\t<div class=\"swiper-wrapper elementor-slides\">\n\t\t\t\t\t\t\t\t\t\t<div class=\"elementor-repeater-item-73da537 swiper-slide\"><div class=\"swiper-slide-bg\"><\/div><div class=\"swiper-slide-inner\" ><div class=\"swiper-slide-contents\"><\/div><\/div><\/div><div class=\"elementor-repeater-item-009b75b swiper-slide\"><div class=\"swiper-slide-bg\"><\/div><div class=\"swiper-slide-inner\" ><div class=\"swiper-slide-contents\"><\/div><\/div><\/div><div class=\"elementor-repeater-item-4e631b1 swiper-slide\"><div class=\"swiper-slide-bg\"><\/div><div class=\"swiper-slide-inner\" ><div class=\"swiper-slide-contents\"><\/div><\/div><\/div><div class=\"elementor-repeater-item-433a67c swiper-slide\"><div class=\"swiper-slide-bg\"><\/div><div class=\"swiper-slide-inner\" ><div class=\"swiper-slide-contents\"><\/div><\/div><\/div><div class=\"elementor-repeater-item-b82f77f swiper-slide\"><div class=\"swiper-slide-bg\"><\/div><div class=\"swiper-slide-inner\" ><div class=\"swiper-slide-contents\"><\/div><\/div><\/div>\t\t\t\t<\/div>\n\t\t\t\t\t\t\t\t\t\t\t\t\t\t\t<div class=\"swiper-pagination\"><\/div>\n\t\t\t\t\t\t\t\t\t\t\t\t\t\t\t\t<div class=\"elementor-swiper-button elementor-swiper-button-prev\">\n\t\t\t\t\t\t\t<i aria-hidden=\"true\" class=\"eicon-chevron-left\"><\/i>\t\t\t\t\t\t\t<span class=\"elementor-screen-only\">Poprzedni<\/span>\n\t\t\t\t\t\t<\/div>\n\t\t\t\t\t\t<div class=\"elementor-swiper-button elementor-swiper-button-next\">\n\t\t\t\t\t\t\t<i aria-hidden=\"true\" class=\"eicon-chevron-right\"><\/i>\t\t\t\t\t\t\t<span class=\"elementor-screen-only\">Nast\u0119pny<\/span>\n\t\t\t\t\t\t<\/div>\n\t\t\t\t\t\t\t\t\t\t\t\t<\/div>\n\t\t<\/div>\n\t\t\t\t<\/div>\n\t\t\t\t<\/div>\n\t\t\t\t\t\t<\/div>\n\t\t\t\t\t<\/div>\n\t\t<\/div>\n\t\t\t\t\t\t\t\t<\/div>\n\t\t\t\t\t<\/div>\n\t\t<\/section>\n\t\t\t\t\t\t<\/div>\n\t\t\t\t\t\t<\/div>\n\t\t\t\t\t<\/div>","protected":false},"excerpt":{"rendered":"<p>QUALIT\u00c4T Um die hohe Qualit\u00e4t und Reinheit der YUNNAN Tees noch einmal zu steigern, hat die Firma \u201eYUNNAN ChangNingHong Tea\u201c damit begonnen, ihre Teeg\u00e4rten auf \u00f6kologischen Landbau umzustellen. Der Teegarten \u201eJi Fei Village\u201c liegt im Westen YUNNANS nahe der Grenze zu Myanmar. In diesem abgelegenen Hochlandgebiet wurde nachweislich schon seit 30 Jahren biologisch gewirtschaftet. Die [&hellip;]<\/p>","protected":false},"author":1,"featured_media":0,"parent":0,"menu_order":0,"comment_status":"closed","ping_status":"closed","template":"","meta":[],"_links":{"self":[{"href":"https:\/\/yunnantea.eu\/pl\/wp-json\/wp\/v2\/pages\/26"}],"collection":[{"href":"https:\/\/yunnantea.eu\/pl\/wp-json\/wp\/v2\/pages"}],"about":[{"href":"https:\/\/yunnantea.eu\/pl\/wp-json\/wp\/v2\/types\/page"}],"author":[{"embeddable":true,"href":"https:\/\/yunnantea.eu\/pl\/wp-json\/wp\/v2\/users\/1"}],"replies":[{"embeddable":true,"href":"https:\/\/yunnantea.eu\/pl\/wp-json\/wp\/v2\/comments?post=26"}],"version-history":[{"count":19,"href":"https:\/\/yunnantea.eu\/pl\/wp-json\/wp\/v2\/pages\/26\/revisions"}],"predecessor-version":[{"id":452,"href":"https:\/\/yunnantea.eu\/pl\/wp-json\/wp\/v2\/pages\/26\/revisions\/452"}],"wp:attachment":[{"href":"https:\/\/yunnantea.eu\/pl\/wp-json\/wp\/v2\/media?parent=26"}],"curies":[{"name":"wp","href":"https:\/\/api.w.org\/{rel}","templated":true}]}}