{"id":85,"date":"2020-09-07T18:27:10","date_gmt":"2020-09-07T16:27:10","guid":{"rendered":"http:\/\/yunnantea.eu\/?page_id=85"},"modified":"2020-09-25T13:58:30","modified_gmt":"2020-09-25T11:58:30","slug":"gruener-tee","status":"publish","type":"page","link":"https:\/\/yunnantea.eu\/pl\/gruener-tee\/","title":{"rendered":"Gr\u00fcner Tee"},"content":{"rendered":"<div data-elementor-type=\"wp-page\" data-elementor-id=\"85\" class=\"elementor elementor-85\" data-elementor-settings=\"[]\">\n\t\t\t\t\t\t<div class=\"elementor-inner\">\n\t\t\t\t\t\t\t<div class=\"elementor-section-wrap\">\n\t\t\t\t\t\t\t<section class=\"elementor-section elementor-top-section elementor-element elementor-element-2ccfbeab elementor-section-boxed elementor-section-height-default elementor-section-height-default\" data-id=\"2ccfbeab\" data-element_type=\"section\">\n\t\t\t\t\t\t<div class=\"elementor-container elementor-column-gap-default\">\n\t\t\t\t\t\t\t<div class=\"elementor-row\">\n\t\t\t\t\t<div class=\"elementor-column elementor-col-100 elementor-top-column elementor-element elementor-element-334d535e\" data-id=\"334d535e\" data-element_type=\"column\">\n\t\t\t<div class=\"elementor-column-wrap elementor-element-populated\">\n\t\t\t\t\t\t\t<div class=\"elementor-widget-wrap\">\n\t\t\t\t\t\t<div class=\"elementor-element elementor-element-2fa5f1f6 elementor-widget elementor-widget-heading\" data-id=\"2fa5f1f6\" data-element_type=\"widget\" data-widget_type=\"heading.default\">\n\t\t\t\t<div class=\"elementor-widget-container\">\n\t\t\t<h2 class=\"elementor-heading-title elementor-size-default\">HERBATA ZIELONA BIO YUNNAN<\/h2>\t\t<\/div>\n\t\t\t\t<\/div>\n\t\t\t\t\t\t<\/div>\n\t\t\t\t\t<\/div>\n\t\t<\/div>\n\t\t\t\t\t\t\t\t<\/div>\n\t\t\t\t\t<\/div>\n\t\t<\/section>\n\t\t\t\t<section class=\"elementor-section elementor-top-section elementor-element elementor-element-1424aaa9 elementor-section-boxed elementor-section-height-default elementor-section-height-default\" data-id=\"1424aaa9\" data-element_type=\"section\">\n\t\t\t\t\t\t<div class=\"elementor-container elementor-column-gap-default\">\n\t\t\t\t\t\t\t<div class=\"elementor-row\">\n\t\t\t\t\t<div class=\"elementor-column elementor-col-50 elementor-top-column elementor-element elementor-element-c621479\" data-id=\"c621479\" data-element_type=\"column\">\n\t\t\t<div class=\"elementor-column-wrap elementor-element-populated\">\n\t\t\t\t\t\t\t<div class=\"elementor-widget-wrap\">\n\t\t\t\t\t\t<div class=\"elementor-element elementor-element-9dab717 elementor-widget elementor-widget-image\" data-id=\"9dab717\" data-element_type=\"widget\" data-widget_type=\"image.default\">\n\t\t\t\t<div class=\"elementor-widget-container\">\n\t\t\t\t\t\t\t\t<div class=\"elementor-image\">\n\t\t\t\t\t\t\t\t\t\t\t\t<img src=\"https:\/\/yunnantea.eu\/wp-content\/uploads\/elementor\/thumbs\/Gruener_Tee_frei_01-ovw98v4y2xc0ikh38ts5vq7juurj76dhoidvhjas9g.png\" title=\"Gruener_Tee_frei_01\" alt=\"Gruener_Tee_frei_01\" \/>\t\t\t\t\t\t\t\t\t\t\t\t\t\t<\/div>\n\t\t\t\t\t\t<\/div>\n\t\t\t\t<\/div>\n\t\t\t\t\t\t<\/div>\n\t\t\t\t\t<\/div>\n\t\t<\/div>\n\t\t\t\t<div class=\"elementor-column elementor-col-50 elementor-top-column elementor-element elementor-element-5fe3f2cd\" data-id=\"5fe3f2cd\" data-element_type=\"column\">\n\t\t\t<div class=\"elementor-column-wrap elementor-element-populated\">\n\t\t\t\t\t\t\t<div class=\"elementor-widget-wrap\">\n\t\t\t\t\t\t<div class=\"elementor-element elementor-element-12941799 elementor-widget elementor-widget-text-editor\" data-id=\"12941799\" data-element_type=\"widget\" data-widget_type=\"text-editor.default\">\n\t\t\t\t<div class=\"elementor-widget-container\">\n\t\t\t\t\t\t\t\t<div class=\"elementor-text-editor elementor-clearfix\">\n\t\t\t\t<p>Zielona herbata YUNNAN ca\u0142y czas cieszy si\u0119 w Europie rosn\u0105c\u0105 popularno\u015bci\u0105. Ta czysta herbata o du\u017cych li\u015bciach pochodzi z kontrolowanej uprawy ekologicznej. Przetworzone li\u015bcie o kolorze jadeitu i srebrzyste p\u0105czki tworz\u0105 herbat\u0119 najlepszej jako\u015bci. Z\u0142ocista barwa naparu, kwiatowy aromat i lekko gorzkawy smak pobudzaj\u0105 wszystkie zmys\u0142y. Pozytywna energetyka  tej herbaty wp\u0142ywa doskonale na wzrost naszych wibracji, jak r\u00f3wnie\u017c na nasze dobre samopoczucie, zdrowie i harmoni\u0119.<\/p><p>\u00a0<\/p><p>Art. EG 901 \/ 75 g<\/p>\t\t\t\t\t<\/div>\n\t\t\t\t\t\t<\/div>\n\t\t\t\t<\/div>\n\t\t\t\t\t\t<\/div>\n\t\t\t\t\t<\/div>\n\t\t<\/div>\n\t\t\t\t\t\t\t\t<\/div>\n\t\t\t\t\t<\/div>\n\t\t<\/section>\n\t\t\t\t<section class=\"elementor-section elementor-top-section elementor-element elementor-element-5c92e37c elementor-section-boxed elementor-section-height-default elementor-section-height-default\" data-id=\"5c92e37c\" data-element_type=\"section\">\n\t\t\t\t\t\t<div class=\"elementor-container elementor-column-gap-default\">\n\t\t\t\t\t\t\t<div class=\"elementor-row\">\n\t\t\t\t\t<div class=\"elementor-column elementor-col-50 elementor-top-column elementor-element elementor-element-44a3e360\" data-id=\"44a3e360\" data-element_type=\"column\">\n\t\t\t<div class=\"elementor-column-wrap elementor-element-populated\">\n\t\t\t\t\t\t\t<div class=\"elementor-widget-wrap\">\n\t\t\t\t\t\t<div class=\"elementor-element elementor-element-3e2bc04f elementor-widget elementor-widget-heading\" data-id=\"3e2bc04f\" data-element_type=\"widget\" data-widget_type=\"heading.default\">\n\t\t\t\t<div class=\"elementor-widget-container\">\n\t\t\t<h3 class=\"elementor-heading-title elementor-size-default\">PARZENIE<\/h3>\t\t<\/div>\n\t\t\t\t<\/div>\n\t\t\t\t\t\t<\/div>\n\t\t\t\t\t<\/div>\n\t\t<\/div>\n\t\t\t\t<div class=\"elementor-column elementor-col-50 elementor-top-column elementor-element elementor-element-5ef2c554\" data-id=\"5ef2c554\" data-element_type=\"column\">\n\t\t\t<div class=\"elementor-column-wrap\">\n\t\t\t\t\t\t\t<div class=\"elementor-widget-wrap\">\n\t\t\t\t\t\t\t\t<\/div>\n\t\t\t\t\t<\/div>\n\t\t<\/div>\n\t\t\t\t\t\t\t\t<\/div>\n\t\t\t\t\t<\/div>\n\t\t<\/section>\n\t\t\t\t<section class=\"elementor-section elementor-top-section elementor-element elementor-element-398e15f9 elementor-section-boxed elementor-section-height-default elementor-section-height-default\" data-id=\"398e15f9\" data-element_type=\"section\">\n\t\t\t\t\t\t<div class=\"elementor-container elementor-column-gap-default\">\n\t\t\t\t\t\t\t<div class=\"elementor-row\">\n\t\t\t\t\t<div class=\"elementor-column elementor-col-50 elementor-top-column elementor-element elementor-element-1b5da8bb\" data-id=\"1b5da8bb\" data-element_type=\"column\">\n\t\t\t<div class=\"elementor-column-wrap elementor-element-populated\">\n\t\t\t\t\t\t\t<div class=\"elementor-widget-wrap\">\n\t\t\t\t\t\t<div class=\"elementor-element elementor-element-da00729 elementor-widget elementor-widget-text-editor\" data-id=\"da00729\" data-element_type=\"widget\" data-widget_type=\"text-editor.default\">\n\t\t\t\t<div class=\"elementor-widget-container\">\n\t\t\t\t\t\t\t\t<div class=\"elementor-text-editor elementor-clearfix\">\n\t\t\t\t<p>Przy zaparzaniu tej herbaty bardzo wa\u017cna jest ilo\u015b\u0107 li\u015bci, nie nale\u017cy bra\u0107 ich zbyt du\u017co, poniewa\u017c ich nadmiar mo\u017ce zepsu\u0107 jej smak. Na fili\u017cank\u0119 naparu zalecana jest p\u0142aska \u0142y\u017ceczka li\u015bci. Oczywi\u015bcie mo\u017cna ich wzi\u0105\u0107 troch\u0119 wi\u0119cej lub mniej, w zale\u017cno\u015bci od osobistych upodoba\u0144.<\/p><p>W celu zachowania smaku i warto\u015bciowych sk\u0142adnik\u00f3w herbat\u0119 t\u0119 nale\u017cy zaparza\u0107 w temperaturze 80 \u2013 90 \u00b0C. W Chinach pierwsze zalanie wod\u0105 herbaty budzi j\u0105. Ten pierwszy napar jest wylewany, dopiero po nim nast\u0119puje w\u0142a\u015bciwe parzenie herbaty. Mo\u017cliwe jest wielokrotne zaparzanie tej tak warto\u015bciowej, bogatej w energi\u0119 herbaty. Zaparzamy j\u0105 przez 1 \u2013 3 minuty. Je\u017celi lubimy lekki napar, li\u015bcie wystarczy zaparza\u0107 przez 10 \u2013 30 sekund.<\/p>\t\t\t\t\t<\/div>\n\t\t\t\t\t\t<\/div>\n\t\t\t\t<\/div>\n\t\t\t\t\t\t<\/div>\n\t\t\t\t\t<\/div>\n\t\t<\/div>\n\t\t\t\t<div class=\"elementor-column elementor-col-50 elementor-top-column elementor-element elementor-element-54a2c621\" data-id=\"54a2c621\" data-element_type=\"column\">\n\t\t\t<div class=\"elementor-column-wrap elementor-element-populated\">\n\t\t\t\t\t\t\t<div class=\"elementor-widget-wrap\">\n\t\t\t\t\t\t<div class=\"elementor-element elementor-element-e6b4345 elementor-widget elementor-widget-image\" data-id=\"e6b4345\" data-element_type=\"widget\" data-widget_type=\"image.default\">\n\t\t\t\t<div class=\"elementor-widget-container\">\n\t\t\t\t\t\t\t\t<div class=\"elementor-image\">\n\t\t\t\t\t\t\t\t\t\t\t\t<img src=\"https:\/\/yunnantea.eu\/wp-content\/uploads\/elementor\/thumbs\/IMG_2458-scaled-ovw98v4y2xc0ikh38ts5vq7juurj76dhoidvhjarvk.jpg\" title=\"IMG_2458\" alt=\"IMG_2458\" \/>\t\t\t\t\t\t\t\t\t\t\t\t\t\t<\/div>\n\t\t\t\t\t\t<\/div>\n\t\t\t\t<\/div>\n\t\t\t\t\t\t<\/div>\n\t\t\t\t\t<\/div>\n\t\t<\/div>\n\t\t\t\t\t\t\t\t<\/div>\n\t\t\t\t\t<\/div>\n\t\t<\/section>\n\t\t\t\t\t\t<\/div>\n\t\t\t\t\t\t<\/div>\n\t\t\t\t\t<\/div>","protected":false},"excerpt":{"rendered":"<p>GR\u00dcNER BIO YUNNAN TEE Der Gr\u00fcne YUNNAN Tee erfreut sich st\u00e4ndig wachsender Beliebtheit in Europa. Dieser gro\u00dfbl\u00e4ttrige, reine Tee stammt aus kontrolliert \u00f6kologischem Anbau. Es ist ein Spitzentee mit sorgf\u00e4ltig gearbeiteten, jadegr\u00fcnen Bl\u00e4ttern und vielen Silbernen Blattknospen. Seine goldgelbe Tasse, sein blumiges Aroma und sein fruchtiger, zartherber Geschmack regen alle Sinne an. Dieser Tee f\u00f6rdert [&hellip;]<\/p>","protected":false},"author":1,"featured_media":0,"parent":0,"menu_order":0,"comment_status":"closed","ping_status":"closed","template":"","meta":[],"_links":{"self":[{"href":"https:\/\/yunnantea.eu\/pl\/wp-json\/wp\/v2\/pages\/85"}],"collection":[{"href":"https:\/\/yunnantea.eu\/pl\/wp-json\/wp\/v2\/pages"}],"about":[{"href":"https:\/\/yunnantea.eu\/pl\/wp-json\/wp\/v2\/types\/page"}],"author":[{"embeddable":true,"href":"https:\/\/yunnantea.eu\/pl\/wp-json\/wp\/v2\/users\/1"}],"replies":[{"embeddable":true,"href":"https:\/\/yunnantea.eu\/pl\/wp-json\/wp\/v2\/comments?post=85"}],"version-history":[{"count":10,"href":"https:\/\/yunnantea.eu\/pl\/wp-json\/wp\/v2\/pages\/85\/revisions"}],"predecessor-version":[{"id":429,"href":"https:\/\/yunnantea.eu\/pl\/wp-json\/wp\/v2\/pages\/85\/revisions\/429"}],"wp:attachment":[{"href":"https:\/\/yunnantea.eu\/pl\/wp-json\/wp\/v2\/media?parent=85"}],"curies":[{"name":"wp","href":"https:\/\/api.w.org\/{rel}","templated":true}]}}