{"id":86,"date":"2020-09-07T18:27:40","date_gmt":"2020-09-07T16:27:40","guid":{"rendered":"http:\/\/yunnantea.eu\/?page_id=86"},"modified":"2020-10-14T09:10:31","modified_gmt":"2020-10-14T07:10:31","slug":"schwarzer-tee","status":"publish","type":"page","link":"https:\/\/yunnantea.eu\/pl\/schwarzer-tee\/","title":{"rendered":"Schwarzer Tee"},"content":{"rendered":"<div data-elementor-type=\"wp-page\" data-elementor-id=\"86\" class=\"elementor elementor-86\" data-elementor-settings=\"[]\">\n\t\t\t\t\t\t<div class=\"elementor-inner\">\n\t\t\t\t\t\t\t<div class=\"elementor-section-wrap\">\n\t\t\t\t\t\t\t<section class=\"elementor-section elementor-top-section elementor-element elementor-element-7159f3c5 elementor-section-boxed elementor-section-height-default elementor-section-height-default\" data-id=\"7159f3c5\" data-element_type=\"section\">\n\t\t\t\t\t\t<div class=\"elementor-container elementor-column-gap-default\">\n\t\t\t\t\t\t\t<div class=\"elementor-row\">\n\t\t\t\t\t<div class=\"elementor-column elementor-col-100 elementor-top-column elementor-element elementor-element-7de25efb\" data-id=\"7de25efb\" data-element_type=\"column\">\n\t\t\t<div class=\"elementor-column-wrap elementor-element-populated\">\n\t\t\t\t\t\t\t<div class=\"elementor-widget-wrap\">\n\t\t\t\t\t\t<div class=\"elementor-element elementor-element-659c960a elementor-widget elementor-widget-heading\" data-id=\"659c960a\" data-element_type=\"widget\" data-widget_type=\"heading.default\">\n\t\t\t\t<div class=\"elementor-widget-container\">\n\t\t\t<h2 class=\"elementor-heading-title elementor-size-default\">HERBATA CZARNA BIO YUNNAN<\/h2>\t\t<\/div>\n\t\t\t\t<\/div>\n\t\t\t\t\t\t<\/div>\n\t\t\t\t\t<\/div>\n\t\t<\/div>\n\t\t\t\t\t\t\t\t<\/div>\n\t\t\t\t\t<\/div>\n\t\t<\/section>\n\t\t\t\t<section class=\"elementor-section elementor-top-section elementor-element elementor-element-de4d4a5 elementor-section-boxed elementor-section-height-default elementor-section-height-default\" data-id=\"de4d4a5\" data-element_type=\"section\">\n\t\t\t\t\t\t<div class=\"elementor-container elementor-column-gap-default\">\n\t\t\t\t\t\t\t<div class=\"elementor-row\">\n\t\t\t\t\t<div class=\"elementor-column elementor-col-50 elementor-top-column elementor-element elementor-element-4e914ec\" data-id=\"4e914ec\" data-element_type=\"column\">\n\t\t\t<div class=\"elementor-column-wrap elementor-element-populated\">\n\t\t\t\t\t\t\t<div class=\"elementor-widget-wrap\">\n\t\t\t\t\t\t<div class=\"elementor-element elementor-element-b5a985b elementor-widget elementor-widget-image\" data-id=\"b5a985b\" data-element_type=\"widget\" data-widget_type=\"image.default\">\n\t\t\t\t<div class=\"elementor-widget-container\">\n\t\t\t\t\t\t\t\t<div class=\"elementor-image\">\n\t\t\t\t\t\t\t\t\t\t\t\t<img src=\"https:\/\/yunnantea.eu\/wp-content\/uploads\/elementor\/thumbs\/Schwarzer_Tee_frei_02-ovw98v4y2xc0ikh38ts5vq7juurj76dhoidvhjas9g.png\" title=\"Schwarzer_Tee_frei_02\" alt=\"Schwarzer_Tee_frei_02\" \/>\t\t\t\t\t\t\t\t\t\t\t\t\t\t<\/div>\n\t\t\t\t\t\t<\/div>\n\t\t\t\t<\/div>\n\t\t\t\t\t\t<\/div>\n\t\t\t\t\t<\/div>\n\t\t<\/div>\n\t\t\t\t<div class=\"elementor-column elementor-col-50 elementor-top-column elementor-element elementor-element-8eb835c\" data-id=\"8eb835c\" data-element_type=\"column\">\n\t\t\t<div class=\"elementor-column-wrap elementor-element-populated\">\n\t\t\t\t\t\t\t<div class=\"elementor-widget-wrap\">\n\t\t\t\t\t\t<div class=\"elementor-element elementor-element-0fd134b elementor-widget elementor-widget-text-editor\" data-id=\"0fd134b\" data-element_type=\"widget\" data-widget_type=\"text-editor.default\">\n\t\t\t\t<div class=\"elementor-widget-container\">\n\t\t\t\t\t\t\t\t<div class=\"elementor-text-editor elementor-clearfix\">\n\t\t\t\t<p>Herbata czarna YUNNAN jest jednym z wielkich klasyk\u00f3w w \u015bwiecie herbat. Ta czysta herbata o du\u017cych li\u015bciach pochodzi z kontrolowanej uprawy ekologicznej. Przetworzone starannie li\u015bcie i liczne z\u0142ociste p\u0105czki tworz\u0105 herbat\u0119 najwy\u017cszej jako\u015bci. G\u0142\u0119bokoczerwona barwa naparu, mistyczny aromat i lekko s\u0142odkawo-pikantny smak spe\u0142niaj\u0105 najwi\u0119ksze oczekiwania smakoszy herbat. Nasza herbata rozbudza dobre uczucia, ka\u017cdy kto si\u0119 potrafi ni\u0105 delektowa\u0107 odczuwa rado\u015b\u0107, szcz\u0119\u015bcie i pogod\u0119 ducha.<\/p><p>\u00a0<\/p><p>Art. EB 901 \/ 75 g<\/p>\t\t\t\t\t<\/div>\n\t\t\t\t\t\t<\/div>\n\t\t\t\t<\/div>\n\t\t\t\t\t\t<\/div>\n\t\t\t\t\t<\/div>\n\t\t<\/div>\n\t\t\t\t\t\t\t\t<\/div>\n\t\t\t\t\t<\/div>\n\t\t<\/section>\n\t\t\t\t<section class=\"elementor-section elementor-top-section elementor-element elementor-element-90cc15e elementor-section-boxed elementor-section-height-default elementor-section-height-default\" data-id=\"90cc15e\" data-element_type=\"section\">\n\t\t\t\t\t\t<div class=\"elementor-container elementor-column-gap-default\">\n\t\t\t\t\t\t\t<div class=\"elementor-row\">\n\t\t\t\t\t<div class=\"elementor-column elementor-col-50 elementor-top-column elementor-element elementor-element-c68d36f\" data-id=\"c68d36f\" data-element_type=\"column\">\n\t\t\t<div class=\"elementor-column-wrap elementor-element-populated\">\n\t\t\t\t\t\t\t<div class=\"elementor-widget-wrap\">\n\t\t\t\t\t\t<div class=\"elementor-element elementor-element-acd347f elementor-widget elementor-widget-heading\" data-id=\"acd347f\" data-element_type=\"widget\" data-widget_type=\"heading.default\">\n\t\t\t\t<div class=\"elementor-widget-container\">\n\t\t\t<h3 class=\"elementor-heading-title elementor-size-default\">PARZENIE<\/h3>\t\t<\/div>\n\t\t\t\t<\/div>\n\t\t\t\t\t\t<\/div>\n\t\t\t\t\t<\/div>\n\t\t<\/div>\n\t\t\t\t<div class=\"elementor-column elementor-col-50 elementor-top-column elementor-element elementor-element-d95ba6e\" data-id=\"d95ba6e\" data-element_type=\"column\">\n\t\t\t<div class=\"elementor-column-wrap\">\n\t\t\t\t\t\t\t<div class=\"elementor-widget-wrap\">\n\t\t\t\t\t\t\t\t<\/div>\n\t\t\t\t\t<\/div>\n\t\t<\/div>\n\t\t\t\t\t\t\t\t<\/div>\n\t\t\t\t\t<\/div>\n\t\t<\/section>\n\t\t\t\t<section class=\"elementor-section elementor-top-section elementor-element elementor-element-3e3d614e elementor-section-content-top elementor-section-boxed elementor-section-height-default elementor-section-height-default\" data-id=\"3e3d614e\" data-element_type=\"section\">\n\t\t\t\t\t\t<div class=\"elementor-container elementor-column-gap-default\">\n\t\t\t\t\t\t\t<div class=\"elementor-row\">\n\t\t\t\t\t<div class=\"elementor-column elementor-col-50 elementor-top-column elementor-element elementor-element-b0f4e34\" data-id=\"b0f4e34\" data-element_type=\"column\">\n\t\t\t<div class=\"elementor-column-wrap elementor-element-populated\">\n\t\t\t\t\t\t\t<div class=\"elementor-widget-wrap\">\n\t\t\t\t\t\t<div class=\"elementor-element elementor-element-b42824f elementor-widget elementor-widget-text-editor\" data-id=\"b42824f\" data-element_type=\"widget\" data-widget_type=\"text-editor.default\">\n\t\t\t\t<div class=\"elementor-widget-container\">\n\t\t\t\t\t\t\t\t<div class=\"elementor-text-editor elementor-clearfix\">\n\t\t\t\t<p>Przy zaparzaniu tej herbaty bardzo wa\u017cna jest ilo\u015b\u0107 li\u015bci. Na fili\u017cank\u0119 naparu zalecana jest p\u0142aska \u0142y\u017ceczka li\u015bci. Gdy napar ma by\u0107 mocny, nale\u017cy wzi\u0105\u0107 ich pe\u0142n\u0105 \u0142y\u017ceczk\u0119. Gotujemy \u015bwie\u017c\u0105 wod\u0119 i wrz\u0105tkiem zalewamy li\u015bcie. Zaparzamy je przez 2 \u2013 4 minuty. W pierwszych 2 \u2013 3 minutach rozwija si\u0119 delikatny aromat herbaty. Przy d\u0142u\u017cszym zaparzaniu li\u015bcie uwalniaj\u0105 taniny, kt\u00f3re dzia\u0142aj\u0105 wprawdzie uspokajaj\u0105co, ale zmieniaj\u0105 delikatny smak herbaty, kt\u00f3ry staje si\u0119 lekko gorzkawy. Parzenie tej herbaty powiedzie si\u0119 tak\u017ce z tward\u0105 wod\u0105. Czarna herbata YUNNAN mo\u017ce by\u0107 podawana r\u00f3wnie\u017c z mlekiem lub ze \u015bmietank\u0105.<\/p>\t\t\t\t\t<\/div>\n\t\t\t\t\t\t<\/div>\n\t\t\t\t<\/div>\n\t\t\t\t\t\t<\/div>\n\t\t\t\t\t<\/div>\n\t\t<\/div>\n\t\t\t\t<div class=\"elementor-column elementor-col-50 elementor-top-column elementor-element elementor-element-635911f2\" data-id=\"635911f2\" data-element_type=\"column\">\n\t\t\t<div class=\"elementor-column-wrap elementor-element-populated\">\n\t\t\t\t\t\t\t<div class=\"elementor-widget-wrap\">\n\t\t\t\t\t\t<div class=\"elementor-element elementor-element-39336f7c elementor-widget elementor-widget-image\" data-id=\"39336f7c\" data-element_type=\"widget\" data-widget_type=\"image.default\">\n\t\t\t\t<div class=\"elementor-widget-container\">\n\t\t\t\t\t\t\t\t<div class=\"elementor-image\">\n\t\t\t\t\t\t\t\t\t\t\t\t<img src=\"https:\/\/yunnantea.eu\/wp-content\/uploads\/elementor\/thumbs\/IMG_2456-scaled-ovw98v4y2xc0ikh38ts5vq7juurj76dhoidvhjarvk.jpg\" title=\"IMG_2456\" alt=\"IMG_2456\" \/>\t\t\t\t\t\t\t\t\t\t\t\t\t\t<\/div>\n\t\t\t\t\t\t<\/div>\n\t\t\t\t<\/div>\n\t\t\t\t\t\t<\/div>\n\t\t\t\t\t<\/div>\n\t\t<\/div>\n\t\t\t\t\t\t\t\t<\/div>\n\t\t\t\t\t<\/div>\n\t\t<\/section>\n\t\t\t\t\t\t<\/div>\n\t\t\t\t\t\t<\/div>\n\t\t\t\t\t<\/div>","protected":false},"excerpt":{"rendered":"<p>SCHWARZER BIO YUNNAN TEE Der Schwarze YUNNAN Tee ist einer der gro\u00dfen Klassiker in der Welt des Tees. Dieser gro\u00dfbl\u00e4ttrige, reine Tee stammt aus kontrolliert \u00f6kologischem Anbau. Es ist ein Spitzentee mit sorgf\u00e4ltig gearbeiteten Bl\u00e4ttern und vielen Goldenen Blattknospen. Seine tiefrote Tasse, sein mystisches Aroma und der leicht s\u00fc\u00dfliche und w\u00fcrzige Geschmack erf\u00fcllen die h\u00f6chsten [&hellip;]<\/p>","protected":false},"author":1,"featured_media":0,"parent":0,"menu_order":0,"comment_status":"closed","ping_status":"closed","template":"","meta":[],"_links":{"self":[{"href":"https:\/\/yunnantea.eu\/pl\/wp-json\/wp\/v2\/pages\/86"}],"collection":[{"href":"https:\/\/yunnantea.eu\/pl\/wp-json\/wp\/v2\/pages"}],"about":[{"href":"https:\/\/yunnantea.eu\/pl\/wp-json\/wp\/v2\/types\/page"}],"author":[{"embeddable":true,"href":"https:\/\/yunnantea.eu\/pl\/wp-json\/wp\/v2\/users\/1"}],"replies":[{"embeddable":true,"href":"https:\/\/yunnantea.eu\/pl\/wp-json\/wp\/v2\/comments?post=86"}],"version-history":[{"count":13,"href":"https:\/\/yunnantea.eu\/pl\/wp-json\/wp\/v2\/pages\/86\/revisions"}],"predecessor-version":[{"id":485,"href":"https:\/\/yunnantea.eu\/pl\/wp-json\/wp\/v2\/pages\/86\/revisions\/485"}],"wp:attachment":[{"href":"https:\/\/yunnantea.eu\/pl\/wp-json\/wp\/v2\/media?parent=86"}],"curies":[{"name":"wp","href":"https:\/\/api.w.org\/{rel}","templated":true}]}}